{"id":12782,"date":"2025-07-22T14:23:08","date_gmt":"2025-07-22T14:23:08","guid":{"rendered":"https:\/\/sebastienparmentelot.com\/?page_id=12782"},"modified":"2025-07-22T14:34:48","modified_gmt":"2025-07-22T14:34:48","slug":"exemple-page-de-vente-immobilier","status":"publish","type":"page","link":"https:\/\/sebastienparmentelot.com\/en\/exemple-page-de-vente-immobilier\/","title":{"rendered":"Exemple Page de Vente Immobilier"},"content":{"rendered":"<div data-elementor-type=\"wp-page\" data-elementor-id=\"12782\" class=\"elementor elementor-12782\">\n\t\t\t\t\t\t<section class=\"elementor-section elementor-top-section elementor-element elementor-element-069bcb1 elementor-section-boxed elementor-section-height-default elementor-section-height-default exad-glass-effect-no exad-sticky-section-no\" data-id=\"069bcb1\" data-element_type=\"section\" data-e-type=\"section\">\n\t\t\t\t\t\t<div class=\"elementor-container elementor-column-gap-default\">\n\t\t\t\t\t<div class=\"elementor-column elementor-col-100 elementor-top-column elementor-element elementor-element-5e463b2 exad-glass-effect-no exad-sticky-section-no\" data-id=\"5e463b2\" data-element_type=\"column\" data-e-type=\"column\">\n\t\t\t<div class=\"elementor-widget-wrap elementor-element-populated\">\n\t\t\t\t\t\t<div class=\"elementor-element elementor-element-f48e4e3 exad-sticky-section-no exad-glass-effect-no elementor-invisible elementor-widget elementor-widget-heading\" data-id=\"f48e4e3\" data-element_type=\"widget\" data-e-type=\"widget\" data-settings=\"{&quot;_animation&quot;:&quot;fadeInUp&quot;}\" data-widget_type=\"heading.default\">\n\t\t\t\t<div class=\"elementor-widget-container\">\n\t\t\t\t\t<h1 class=\"elementor-heading-title elementor-size-default\">VILLA ANTIBES <span>  3,2M\u20ac<\/span><\/h1>\t\t\t\t<\/div>\n\t\t\t\t<\/div>\n\t\t\t\t<div class=\"elementor-element elementor-element-28fbb95 exad-sticky-section-no exad-glass-effect-no elementor-widget elementor-widget-heading\" data-id=\"28fbb95\" data-element_type=\"widget\" data-e-type=\"widget\" data-widget_type=\"heading.default\">\n\t\t\t\t<div class=\"elementor-widget-container\">\n\t\t\t\t\t<h2 class=\"elementor-heading-title elementor-size-default\">D\u00e9couvrez cette sublime villa situ\u00e9 \u00e0 Antibes... <br><br>... <br>...<br>...<br>\n\n<\/h2>\t\t\t\t<\/div>\n\t\t\t\t<\/div>\n\t\t\t\t\t<\/div>\n\t\t<\/div>\n\t\t\t\t\t<\/div>\n\t\t<\/section>\n\t\t\t\t<section class=\"elementor-section elementor-top-section elementor-element elementor-element-6a625b7 elementor-section-boxed elementor-section-height-default elementor-section-height-default exad-glass-effect-no exad-sticky-section-no\" data-id=\"6a625b7\" data-element_type=\"section\" data-e-type=\"section\">\n\t\t\t\t\t\t<div class=\"elementor-container elementor-column-gap-default\">\n\t\t\t\t\t<div class=\"elementor-column elementor-col-100 elementor-top-column elementor-element elementor-element-86daa8e exad-glass-effect-no exad-sticky-section-no\" data-id=\"86daa8e\" data-element_type=\"column\" data-e-type=\"column\">\n\t\t\t<div class=\"elementor-widget-wrap elementor-element-populated\">\n\t\t\t\t\t\t<div class=\"elementor-element elementor-element-931fde3 elementor-arrows-position-inside elementor-pagination-position-outside exad-sticky-section-no exad-glass-effect-no elementor-widget elementor-widget-image-carousel\" data-id=\"931fde3\" data-element_type=\"widget\" data-e-type=\"widget\" data-settings=\"{&quot;slides_to_show&quot;:&quot;1&quot;,&quot;navigation&quot;:&quot;both&quot;,&quot;autoplay&quot;:&quot;yes&quot;,&quot;pause_on_hover&quot;:&quot;yes&quot;,&quot;pause_on_interaction&quot;:&quot;yes&quot;,&quot;autoplay_speed&quot;:5000,&quot;infinite&quot;:&quot;yes&quot;,&quot;effect&quot;:&quot;slide&quot;,&quot;speed&quot;:500}\" data-widget_type=\"image-carousel.default\">\n\t\t\t\t<div class=\"elementor-widget-container\">\n\t\t\t\t\t\t\t<div class=\"elementor-image-carousel-wrapper swiper\" role=\"region\" aria-roledescription=\"carousel\" aria-label=\"Image Carousel\" dir=\"ltr\">\n\t\t\t<div class=\"elementor-image-carousel swiper-wrapper\" aria-live=\"off\">\n\t\t\t\t\t\t\t\t<div class=\"swiper-slide\" role=\"group\" aria-roledescription=\"slide\" aria-label=\"1 of 13\"><a data-elementor-open-lightbox=\"yes\" data-elementor-lightbox-slideshow=\"931fde3\" data-elementor-lightbox-title=\"Villa de luxe Sainte Maxime-13\" data-e-action-hash=\"#elementor-action%3Aaction%3Dlightbox%26settings%3DeyJpZCI6MTI0NTIsInVybCI6Imh0dHBzOlwvXC9zZWJhc3RpZW5wYXJtZW50ZWxvdC5jb21cL3dwLWNvbnRlbnRcL3VwbG9hZHNcLzIwMjVcLzAzXC9WaWxsYS1kZS1sdXhlLVNhaW50ZS1NYXhpbWUtMTMuYXZpZiIsInNsaWRlc2hvdyI6IjkzMWZkZTMifQ%3D%3D\" href=\"https:\/\/sebastienparmentelot.com\/wp-content\/uploads\/2025\/03\/Villa-de-luxe-Sainte-Maxime-13.avif\" data-lbwps-width=\"2048\" data-lbwps-height=\"1367\" data-lbwps-srcsmall=\"https:\/\/sebastienparmentelot.com\/wp-content\/uploads\/2025\/03\/Villa-de-luxe-Sainte-Maxime-13-18x12.avif\"><figure class=\"swiper-slide-inner\"><img decoding=\"async\" class=\"swiper-slide-image\" src=\"https:\/\/sebastienparmentelot.com\/wp-content\/uploads\/2025\/03\/Villa-de-luxe-Sainte-Maxime-13.avif\" alt=\"Villa de luxe Sainte Maxime-13\" title=\"\"><\/figure><\/a><\/div><div class=\"swiper-slide\" role=\"group\" aria-roledescription=\"slide\" aria-label=\"2 of 13\"><a data-elementor-open-lightbox=\"yes\" data-elementor-lightbox-slideshow=\"931fde3\" data-elementor-lightbox-title=\"Villa de luxe Sainte Maxime-14\" data-e-action-hash=\"#elementor-action%3Aaction%3Dlightbox%26settings%3DeyJpZCI6MTI0NTMsInVybCI6Imh0dHBzOlwvXC9zZWJhc3RpZW5wYXJtZW50ZWxvdC5jb21cL3dwLWNvbnRlbnRcL3VwbG9hZHNcLzIwMjVcLzAzXC9WaWxsYS1kZS1sdXhlLVNhaW50ZS1NYXhpbWUtMTQuYXZpZiIsInNsaWRlc2hvdyI6IjkzMWZkZTMifQ%3D%3D\" href=\"https:\/\/sebastienparmentelot.com\/wp-content\/uploads\/2025\/03\/Villa-de-luxe-Sainte-Maxime-14.avif\" data-lbwps-width=\"2048\" data-lbwps-height=\"1367\" data-lbwps-srcsmall=\"https:\/\/sebastienparmentelot.com\/wp-content\/uploads\/2025\/03\/Villa-de-luxe-Sainte-Maxime-14-18x12.avif\"><figure class=\"swiper-slide-inner\"><img decoding=\"async\" class=\"swiper-slide-image\" src=\"https:\/\/sebastienparmentelot.com\/wp-content\/uploads\/2025\/03\/Villa-de-luxe-Sainte-Maxime-14.avif\" alt=\"Villa de luxe Sainte Maxime-14\" title=\"\"><\/figure><\/a><\/div><div class=\"swiper-slide\" role=\"group\" aria-roledescription=\"slide\" aria-label=\"3 of 13\"><a data-elementor-open-lightbox=\"yes\" data-elementor-lightbox-slideshow=\"931fde3\" data-elementor-lightbox-title=\"Villa de luxe Sainte Maxime-15\" data-e-action-hash=\"#elementor-action%3Aaction%3Dlightbox%26settings%3DeyJpZCI6MTI0NTQsInVybCI6Imh0dHBzOlwvXC9zZWJhc3RpZW5wYXJtZW50ZWxvdC5jb21cL3dwLWNvbnRlbnRcL3VwbG9hZHNcLzIwMjVcLzAzXC9WaWxsYS1kZS1sdXhlLVNhaW50ZS1NYXhpbWUtMTUuYXZpZiIsInNsaWRlc2hvdyI6IjkzMWZkZTMifQ%3D%3D\" href=\"https:\/\/sebastienparmentelot.com\/wp-content\/uploads\/2025\/03\/Villa-de-luxe-Sainte-Maxime-15.avif\" data-lbwps-width=\"2048\" data-lbwps-height=\"1367\" data-lbwps-srcsmall=\"https:\/\/sebastienparmentelot.com\/wp-content\/uploads\/2025\/03\/Villa-de-luxe-Sainte-Maxime-15-18x12.avif\"><figure class=\"swiper-slide-inner\"><img decoding=\"async\" class=\"swiper-slide-image\" src=\"https:\/\/sebastienparmentelot.com\/wp-content\/uploads\/2025\/03\/Villa-de-luxe-Sainte-Maxime-15.avif\" alt=\"Villa de luxe Sainte Maxime-15\" title=\"\"><\/figure><\/a><\/div><div class=\"swiper-slide\" role=\"group\" aria-roledescription=\"slide\" aria-label=\"4 of 13\"><a data-elementor-open-lightbox=\"yes\" data-elementor-lightbox-slideshow=\"931fde3\" data-elementor-lightbox-title=\"Villa de luxe Sainte Maxime-6\" data-e-action-hash=\"#elementor-action%3Aaction%3Dlightbox%26settings%3DeyJpZCI6MTI0NDUsInVybCI6Imh0dHBzOlwvXC9zZWJhc3RpZW5wYXJtZW50ZWxvdC5jb21cL3dwLWNvbnRlbnRcL3VwbG9hZHNcLzIwMjVcLzAzXC9WaWxsYS1kZS1sdXhlLVNhaW50ZS1NYXhpbWUtNi5hdmlmIiwic2xpZGVzaG93IjoiOTMxZmRlMyJ9\" href=\"https:\/\/sebastienparmentelot.com\/wp-content\/uploads\/2025\/03\/Villa-de-luxe-Sainte-Maxime-6.avif\" data-lbwps-width=\"2048\" data-lbwps-height=\"1367\" data-lbwps-srcsmall=\"https:\/\/sebastienparmentelot.com\/wp-content\/uploads\/2025\/03\/Villa-de-luxe-Sainte-Maxime-6-18x12.avif\"><figure class=\"swiper-slide-inner\"><img decoding=\"async\" class=\"swiper-slide-image\" src=\"https:\/\/sebastienparmentelot.com\/wp-content\/uploads\/2025\/03\/Villa-de-luxe-Sainte-Maxime-6.avif\" alt=\"Villa de luxe Sainte Maxime-6\" title=\"\"><\/figure><\/a><\/div><div class=\"swiper-slide\" role=\"group\" aria-roledescription=\"slide\" aria-label=\"5 of 13\"><a data-elementor-open-lightbox=\"yes\" data-elementor-lightbox-slideshow=\"931fde3\" data-elementor-lightbox-title=\"Villa de luxe Sainte Maxime-8\" data-e-action-hash=\"#elementor-action%3Aaction%3Dlightbox%26settings%3DeyJpZCI6MTI0NDcsInVybCI6Imh0dHBzOlwvXC9zZWJhc3RpZW5wYXJtZW50ZWxvdC5jb21cL3dwLWNvbnRlbnRcL3VwbG9hZHNcLzIwMjVcLzAzXC9WaWxsYS1kZS1sdXhlLVNhaW50ZS1NYXhpbWUtOC5hdmlmIiwic2xpZGVzaG93IjoiOTMxZmRlMyJ9\" href=\"https:\/\/sebastienparmentelot.com\/wp-content\/uploads\/2025\/03\/Villa-de-luxe-Sainte-Maxime-8.avif\" data-lbwps-width=\"2048\" data-lbwps-height=\"1367\" data-lbwps-srcsmall=\"https:\/\/sebastienparmentelot.com\/wp-content\/uploads\/2025\/03\/Villa-de-luxe-Sainte-Maxime-8-18x12.avif\"><figure class=\"swiper-slide-inner\"><img decoding=\"async\" class=\"swiper-slide-image\" src=\"https:\/\/sebastienparmentelot.com\/wp-content\/uploads\/2025\/03\/Villa-de-luxe-Sainte-Maxime-8.avif\" alt=\"Villa de luxe Sainte Maxime-8\" title=\"\"><\/figure><\/a><\/div><div class=\"swiper-slide\" role=\"group\" aria-roledescription=\"slide\" aria-label=\"6 of 13\"><a data-elementor-open-lightbox=\"yes\" data-elementor-lightbox-slideshow=\"931fde3\" data-elementor-lightbox-title=\"Villa de luxe Sainte Maxime-9\" data-e-action-hash=\"#elementor-action%3Aaction%3Dlightbox%26settings%3DeyJpZCI6MTI0NDgsInVybCI6Imh0dHBzOlwvXC9zZWJhc3RpZW5wYXJtZW50ZWxvdC5jb21cL3dwLWNvbnRlbnRcL3VwbG9hZHNcLzIwMjVcLzAzXC9WaWxsYS1kZS1sdXhlLVNhaW50ZS1NYXhpbWUtOS5hdmlmIiwic2xpZGVzaG93IjoiOTMxZmRlMyJ9\" href=\"https:\/\/sebastienparmentelot.com\/wp-content\/uploads\/2025\/03\/Villa-de-luxe-Sainte-Maxime-9.avif\" data-lbwps-width=\"2048\" data-lbwps-height=\"1367\" data-lbwps-srcsmall=\"https:\/\/sebastienparmentelot.com\/wp-content\/uploads\/2025\/03\/Villa-de-luxe-Sainte-Maxime-9-18x12.avif\"><figure class=\"swiper-slide-inner\"><img decoding=\"async\" class=\"swiper-slide-image\" src=\"https:\/\/sebastienparmentelot.com\/wp-content\/uploads\/2025\/03\/Villa-de-luxe-Sainte-Maxime-9.avif\" alt=\"Villa de luxe Sainte Maxime-9\" title=\"\"><\/figure><\/a><\/div><div class=\"swiper-slide\" role=\"group\" aria-roledescription=\"slide\" aria-label=\"7 of 13\"><a data-elementor-open-lightbox=\"yes\" data-elementor-lightbox-slideshow=\"931fde3\" data-elementor-lightbox-title=\"Villa de luxe Sainte Maxime-4\" data-e-action-hash=\"#elementor-action%3Aaction%3Dlightbox%26settings%3DeyJpZCI6MTI0NDMsInVybCI6Imh0dHBzOlwvXC9zZWJhc3RpZW5wYXJtZW50ZWxvdC5jb21cL3dwLWNvbnRlbnRcL3VwbG9hZHNcLzIwMjVcLzAzXC9WaWxsYS1kZS1sdXhlLVNhaW50ZS1NYXhpbWUtNC5hdmlmIiwic2xpZGVzaG93IjoiOTMxZmRlMyJ9\" href=\"https:\/\/sebastienparmentelot.com\/wp-content\/uploads\/2025\/03\/Villa-de-luxe-Sainte-Maxime-4.avif\" data-lbwps-width=\"2048\" data-lbwps-height=\"1367\" data-lbwps-srcsmall=\"https:\/\/sebastienparmentelot.com\/wp-content\/uploads\/2025\/03\/Villa-de-luxe-Sainte-Maxime-4-18x12.avif\"><figure class=\"swiper-slide-inner\"><img decoding=\"async\" class=\"swiper-slide-image\" src=\"https:\/\/sebastienparmentelot.com\/wp-content\/uploads\/2025\/03\/Villa-de-luxe-Sainte-Maxime-4.avif\" alt=\"Villa de luxe Sainte Maxime-4\" title=\"\"><\/figure><\/a><\/div><div class=\"swiper-slide\" role=\"group\" aria-roledescription=\"slide\" aria-label=\"8 of 13\"><a data-elementor-open-lightbox=\"yes\" data-elementor-lightbox-slideshow=\"931fde3\" data-elementor-lightbox-title=\"Villa de luxe Sainte Maxime\" data-e-action-hash=\"#elementor-action%3Aaction%3Dlightbox%26settings%3DeyJpZCI6MTI0NTUsInVybCI6Imh0dHBzOlwvXC9zZWJhc3RpZW5wYXJtZW50ZWxvdC5jb21cL3dwLWNvbnRlbnRcL3VwbG9hZHNcLzIwMjVcLzAzXC9WaWxsYS1kZS1sdXhlLVNhaW50ZS1NYXhpbWUuYXZpZiIsInNsaWRlc2hvdyI6IjkzMWZkZTMifQ%3D%3D\" href=\"https:\/\/sebastienparmentelot.com\/wp-content\/uploads\/2025\/03\/Villa-de-luxe-Sainte-Maxime.avif\" data-lbwps-width=\"2048\" data-lbwps-height=\"1367\" data-lbwps-srcsmall=\"https:\/\/sebastienparmentelot.com\/wp-content\/uploads\/2025\/03\/Villa-de-luxe-Sainte-Maxime-18x12.avif\"><figure class=\"swiper-slide-inner\"><img decoding=\"async\" class=\"swiper-slide-image\" src=\"https:\/\/sebastienparmentelot.com\/wp-content\/uploads\/2025\/03\/Villa-de-luxe-Sainte-Maxime.avif\" alt=\"Villa de luxe Sainte Maxime\" title=\"\"><\/figure><\/a><\/div><div class=\"swiper-slide\" role=\"group\" aria-roledescription=\"slide\" aria-label=\"9 of 13\"><a data-elementor-open-lightbox=\"yes\" data-elementor-lightbox-slideshow=\"931fde3\" data-elementor-lightbox-title=\"Villa de luxe Sainte Maxime-5\" data-e-action-hash=\"#elementor-action%3Aaction%3Dlightbox%26settings%3DeyJpZCI6MTI0NDQsInVybCI6Imh0dHBzOlwvXC9zZWJhc3RpZW5wYXJtZW50ZWxvdC5jb21cL3dwLWNvbnRlbnRcL3VwbG9hZHNcLzIwMjVcLzAzXC9WaWxsYS1kZS1sdXhlLVNhaW50ZS1NYXhpbWUtNS5hdmlmIiwic2xpZGVzaG93IjoiOTMxZmRlMyJ9\" href=\"https:\/\/sebastienparmentelot.com\/wp-content\/uploads\/2025\/03\/Villa-de-luxe-Sainte-Maxime-5.avif\" data-lbwps-width=\"2048\" data-lbwps-height=\"1367\" data-lbwps-srcsmall=\"https:\/\/sebastienparmentelot.com\/wp-content\/uploads\/2025\/03\/Villa-de-luxe-Sainte-Maxime-5-18x12.avif\"><figure class=\"swiper-slide-inner\"><img decoding=\"async\" class=\"swiper-slide-image\" src=\"https:\/\/sebastienparmentelot.com\/wp-content\/uploads\/2025\/03\/Villa-de-luxe-Sainte-Maxime-5.avif\" alt=\"Villa de luxe Sainte Maxime-5\" title=\"\"><\/figure><\/a><\/div><div class=\"swiper-slide\" role=\"group\" aria-roledescription=\"slide\" aria-label=\"10 of 13\"><a data-elementor-open-lightbox=\"yes\" data-elementor-lightbox-slideshow=\"931fde3\" data-elementor-lightbox-title=\"Villa de luxe Sainte Maxime-3\" data-e-action-hash=\"#elementor-action%3Aaction%3Dlightbox%26settings%3DeyJpZCI6MTI0NDIsInVybCI6Imh0dHBzOlwvXC9zZWJhc3RpZW5wYXJtZW50ZWxvdC5jb21cL3dwLWNvbnRlbnRcL3VwbG9hZHNcLzIwMjVcLzAzXC9WaWxsYS1kZS1sdXhlLVNhaW50ZS1NYXhpbWUtMy5hdmlmIiwic2xpZGVzaG93IjoiOTMxZmRlMyJ9\" href=\"https:\/\/sebastienparmentelot.com\/wp-content\/uploads\/2025\/03\/Villa-de-luxe-Sainte-Maxime-3.avif\" data-lbwps-width=\"2048\" data-lbwps-height=\"1367\" data-lbwps-srcsmall=\"https:\/\/sebastienparmentelot.com\/wp-content\/uploads\/2025\/03\/Villa-de-luxe-Sainte-Maxime-3-18x12.avif\"><figure class=\"swiper-slide-inner\"><img decoding=\"async\" class=\"swiper-slide-image\" src=\"https:\/\/sebastienparmentelot.com\/wp-content\/uploads\/2025\/03\/Villa-de-luxe-Sainte-Maxime-3.avif\" alt=\"Villa de luxe Sainte Maxime-3\" title=\"\"><\/figure><\/a><\/div><div class=\"swiper-slide\" role=\"group\" aria-roledescription=\"slide\" aria-label=\"11 of 13\"><a data-elementor-open-lightbox=\"yes\" data-elementor-lightbox-slideshow=\"931fde3\" data-elementor-lightbox-title=\"Villa de luxe Sainte Maxime-10\" data-e-action-hash=\"#elementor-action%3Aaction%3Dlightbox%26settings%3DeyJpZCI6MTI0NDksInVybCI6Imh0dHBzOlwvXC9zZWJhc3RpZW5wYXJtZW50ZWxvdC5jb21cL3dwLWNvbnRlbnRcL3VwbG9hZHNcLzIwMjVcLzAzXC9WaWxsYS1kZS1sdXhlLVNhaW50ZS1NYXhpbWUtMTAuYXZpZiIsInNsaWRlc2hvdyI6IjkzMWZkZTMifQ%3D%3D\" href=\"https:\/\/sebastienparmentelot.com\/wp-content\/uploads\/2025\/03\/Villa-de-luxe-Sainte-Maxime-10.avif\" data-lbwps-width=\"2048\" data-lbwps-height=\"1367\" data-lbwps-srcsmall=\"https:\/\/sebastienparmentelot.com\/wp-content\/uploads\/2025\/03\/Villa-de-luxe-Sainte-Maxime-10-18x12.avif\"><figure class=\"swiper-slide-inner\"><img decoding=\"async\" class=\"swiper-slide-image\" src=\"https:\/\/sebastienparmentelot.com\/wp-content\/uploads\/2025\/03\/Villa-de-luxe-Sainte-Maxime-10.avif\" alt=\"Villa de luxe Sainte Maxime-10\" title=\"\"><\/figure><\/a><\/div><div class=\"swiper-slide\" role=\"group\" aria-roledescription=\"slide\" aria-label=\"12 of 13\"><a data-elementor-open-lightbox=\"yes\" data-elementor-lightbox-slideshow=\"931fde3\" data-elementor-lightbox-title=\"Villa de luxe Sainte Maxime-11\" data-e-action-hash=\"#elementor-action%3Aaction%3Dlightbox%26settings%3DeyJpZCI6MTI0NTAsInVybCI6Imh0dHBzOlwvXC9zZWJhc3RpZW5wYXJtZW50ZWxvdC5jb21cL3dwLWNvbnRlbnRcL3VwbG9hZHNcLzIwMjVcLzAzXC9WaWxsYS1kZS1sdXhlLVNhaW50ZS1NYXhpbWUtMTEuYXZpZiIsInNsaWRlc2hvdyI6IjkzMWZkZTMifQ%3D%3D\" href=\"https:\/\/sebastienparmentelot.com\/wp-content\/uploads\/2025\/03\/Villa-de-luxe-Sainte-Maxime-11.avif\" data-lbwps-width=\"2048\" data-lbwps-height=\"1367\" data-lbwps-srcsmall=\"https:\/\/sebastienparmentelot.com\/wp-content\/uploads\/2025\/03\/Villa-de-luxe-Sainte-Maxime-11-18x12.avif\"><figure class=\"swiper-slide-inner\"><img decoding=\"async\" class=\"swiper-slide-image\" src=\"https:\/\/sebastienparmentelot.com\/wp-content\/uploads\/2025\/03\/Villa-de-luxe-Sainte-Maxime-11.avif\" alt=\"Villa de luxe Sainte Maxime-11\" title=\"\"><\/figure><\/a><\/div><div class=\"swiper-slide\" role=\"group\" aria-roledescription=\"slide\" aria-label=\"13 of 13\"><a data-elementor-open-lightbox=\"yes\" data-elementor-lightbox-slideshow=\"931fde3\" data-elementor-lightbox-title=\"Villa de luxe Sainte Maxime-12\" data-e-action-hash=\"#elementor-action%3Aaction%3Dlightbox%26settings%3DeyJpZCI6MTI0NTEsInVybCI6Imh0dHBzOlwvXC9zZWJhc3RpZW5wYXJtZW50ZWxvdC5jb21cL3dwLWNvbnRlbnRcL3VwbG9hZHNcLzIwMjVcLzAzXC9WaWxsYS1kZS1sdXhlLVNhaW50ZS1NYXhpbWUtMTIuYXZpZiIsInNsaWRlc2hvdyI6IjkzMWZkZTMifQ%3D%3D\" href=\"https:\/\/sebastienparmentelot.com\/wp-content\/uploads\/2025\/03\/Villa-de-luxe-Sainte-Maxime-12.avif\" data-lbwps-width=\"2048\" data-lbwps-height=\"1367\" data-lbwps-srcsmall=\"https:\/\/sebastienparmentelot.com\/wp-content\/uploads\/2025\/03\/Villa-de-luxe-Sainte-Maxime-12-18x12.avif\"><figure class=\"swiper-slide-inner\"><img decoding=\"async\" class=\"swiper-slide-image\" src=\"https:\/\/sebastienparmentelot.com\/wp-content\/uploads\/2025\/03\/Villa-de-luxe-Sainte-Maxime-12.avif\" alt=\"Villa de luxe Sainte Maxime-12\" title=\"\"><\/figure><\/a><\/div>\t\t\t<\/div>\n\t\t\t\t\t\t\t\t\t\t\t\t<div class=\"elementor-swiper-button elementor-swiper-button-prev\" role=\"button\" tabindex=\"0\">\n\t\t\t\t\t\t<i aria-hidden=\"true\" class=\"eicon-chevron-left\"><\/i>\t\t\t\t\t<\/div>\n\t\t\t\t\t<div class=\"elementor-swiper-button elementor-swiper-button-next\" role=\"button\" tabindex=\"0\">\n\t\t\t\t\t\t<i aria-hidden=\"true\" class=\"eicon-chevron-right\"><\/i>\t\t\t\t\t<\/div>\n\t\t\t\t\n\t\t\t\t\t\t\t\t\t<div class=\"swiper-pagination\"><\/div>\n\t\t\t\t\t\t\t\t\t<\/div>\n\t\t\t\t\t\t<\/div>\n\t\t\t\t<\/div>\n\t\t\t\t\t<\/div>\n\t\t<\/div>\n\t\t\t\t\t<\/div>\n\t\t<\/section>\n\t\t\t\t<section class=\"elementor-section elementor-top-section elementor-element elementor-element-2f4c6b4 elementor-section-boxed elementor-section-height-default elementor-section-height-default exad-glass-effect-no exad-sticky-section-no\" data-id=\"2f4c6b4\" data-element_type=\"section\" data-e-type=\"section\">\n\t\t\t\t\t\t<div class=\"elementor-container elementor-column-gap-default\">\n\t\t\t\t\t<div class=\"elementor-column elementor-col-100 elementor-top-column elementor-element elementor-element-7d60bfd exad-glass-effect-no exad-sticky-section-no\" data-id=\"7d60bfd\" data-element_type=\"column\" data-e-type=\"column\">\n\t\t\t<div class=\"elementor-widget-wrap elementor-element-populated\">\n\t\t\t\t\t\t<div class=\"elementor-element elementor-element-f19a3ed exad-sticky-section-no exad-glass-effect-no elementor-widget elementor-widget-video\" data-id=\"f19a3ed\" data-element_type=\"widget\" data-e-type=\"widget\" data-settings=\"{&quot;youtube_url&quot;:&quot;https:\\\/\\\/youtu.be\\\/IWU_jb5sRn8&quot;,&quot;video_type&quot;:&quot;youtube&quot;,&quot;controls&quot;:&quot;yes&quot;}\" data-widget_type=\"video.default\">\n\t\t\t\t<div class=\"elementor-widget-container\">\n\t\t\t\t\t\t\t<div class=\"elementor-wrapper elementor-open-inline\">\n\t\t\t<div class=\"elementor-video\"><\/div>\t\t<\/div>\n\t\t\t\t\t\t<\/div>\n\t\t\t\t<\/div>\n\t\t\t\t\t<\/div>\n\t\t<\/div>\n\t\t\t\t\t<\/div>\n\t\t<\/section>\n\t\t\t\t<section class=\"elementor-section elementor-top-section elementor-element elementor-element-627bbfc elementor-section-boxed elementor-section-height-default elementor-section-height-default exad-glass-effect-no exad-sticky-section-no\" data-id=\"627bbfc\" data-element_type=\"section\" data-e-type=\"section\">\n\t\t\t\t\t\t<div class=\"elementor-container elementor-column-gap-default\">\n\t\t\t\t\t<div class=\"elementor-column elementor-col-100 elementor-top-column elementor-element elementor-element-0d2c793 exad-glass-effect-no exad-sticky-section-no\" data-id=\"0d2c793\" data-element_type=\"column\" data-e-type=\"column\">\n\t\t\t<div class=\"elementor-widget-wrap elementor-element-populated\">\n\t\t\t\t\t\t<div class=\"elementor-element elementor-element-dff4623 exad-sticky-section-no exad-glass-effect-no elementor-widget elementor-widget-html\" data-id=\"dff4623\" data-element_type=\"widget\" data-e-type=\"widget\" data-widget_type=\"html.default\">\n\t\t\t\t<div class=\"elementor-widget-container\">\n\t\t\t\t\t<iframe width=\"100%\" height=\"600\" src=\"https:\/\/my.mpskin.com\/tour\/pcze4xjyek\" frameborder=\"0\" allowfullscreen><\/iframe>\n\t\t\t\t<\/div>\n\t\t\t\t<\/div>\n\t\t\t\t\t<\/div>\n\t\t<\/div>\n\t\t\t\t\t<\/div>\n\t\t<\/section>\n\t\t\t\t<section class=\"elementor-section elementor-top-section elementor-element elementor-element-7e920e9 elementor-section-boxed elementor-section-height-default elementor-section-height-default exad-glass-effect-no exad-sticky-section-no\" data-id=\"7e920e9\" data-element_type=\"section\" data-e-type=\"section\">\n\t\t\t\t\t\t<div class=\"elementor-container elementor-column-gap-default\">\n\t\t\t\t\t<div class=\"elementor-column elementor-col-100 elementor-top-column elementor-element elementor-element-294da80 exad-glass-effect-no exad-sticky-section-no\" data-id=\"294da80\" data-element_type=\"column\" data-e-type=\"column\">\n\t\t\t<div class=\"elementor-widget-wrap elementor-element-populated\">\n\t\t\t\t\t\t<div class=\"elementor-element elementor-element-9ed5a90 exad-sticky-section-no exad-glass-effect-no elementor-widget elementor-widget-heading\" data-id=\"9ed5a90\" data-element_type=\"widget\" data-e-type=\"widget\" data-widget_type=\"heading.default\">\n\t\t\t\t<div class=\"elementor-widget-container\">\n\t\t\t\t\t<h2 class=\"elementor-heading-title elementor-size-default\">Contactez M.... \u00e0 ... ou au +33 (0)6... <br>\n\n<\/h2>\t\t\t\t<\/div>\n\t\t\t\t<\/div>\n\t\t\t\t\t<\/div>\n\t\t<\/div>\n\t\t\t\t\t<\/div>\n\t\t<\/section>\n\t\t\t\t<\/div>","protected":false},"excerpt":{"rendered":"<p>VILLA ANTIBES 3,2M\u20ac D\u00e9couvrez cette sublime villa situ\u00e9 \u00e0 Antibes&#8230; &#8230; &#8230;&#8230; Contactez M&#8230;. \u00e0 &#8230; ou au +33 (0)6&#8230;<\/p>","protected":false},"author":1,"featured_media":0,"parent":0,"menu_order":0,"comment_status":"closed","ping_status":"closed","template":"elementor_header_footer","meta":{"footnotes":""},"class_list":["post-12782","page","type-page","status-publish","hentry"],"_links":{"self":[{"href":"https:\/\/sebastienparmentelot.com\/en\/wp-json\/wp\/v2\/pages\/12782","targetHints":{"allow":["GET"]}}],"collection":[{"href":"https:\/\/sebastienparmentelot.com\/en\/wp-json\/wp\/v2\/pages"}],"about":[{"href":"https:\/\/sebastienparmentelot.com\/en\/wp-json\/wp\/v2\/types\/page"}],"author":[{"embeddable":true,"href":"https:\/\/sebastienparmentelot.com\/en\/wp-json\/wp\/v2\/users\/1"}],"replies":[{"embeddable":true,"href":"https:\/\/sebastienparmentelot.com\/en\/wp-json\/wp\/v2\/comments?post=12782"}],"version-history":[{"count":7,"href":"https:\/\/sebastienparmentelot.com\/en\/wp-json\/wp\/v2\/pages\/12782\/revisions"}],"predecessor-version":[{"id":12791,"href":"https:\/\/sebastienparmentelot.com\/en\/wp-json\/wp\/v2\/pages\/12782\/revisions\/12791"}],"wp:attachment":[{"href":"https:\/\/sebastienparmentelot.com\/en\/wp-json\/wp\/v2\/media?parent=12782"}],"curies":[{"name":"wp","href":"https:\/\/api.w.org\/{rel}","templated":true}]}}