{"id":13621,"date":"2025-12-04T12:17:07","date_gmt":"2025-12-04T12:17:07","guid":{"rendered":"https:\/\/sebastienparmentelot.com\/?page_id=13621"},"modified":"2026-03-26T08:34:51","modified_gmt":"2026-03-26T08:34:51","slug":"projet-terrasse-deckflow","status":"publish","type":"page","link":"https:\/\/sebastienparmentelot.com\/en\/projet-terrasse-deckflow\/","title":{"rendered":"Projet Terrasse DeckFlow"},"content":{"rendered":"<div data-elementor-type=\"wp-page\" data-elementor-id=\"13621\" class=\"elementor elementor-13621\">\n\t\t\t\t\t\t<section class=\"elementor-section elementor-top-section elementor-element elementor-element-6c488409 elementor-section-boxed elementor-section-height-default elementor-section-height-default exad-glass-effect-no exad-sticky-section-no\" data-id=\"6c488409\" data-element_type=\"section\" data-e-type=\"section\">\n\t\t\t\t\t\t<div class=\"elementor-container elementor-column-gap-default\">\n\t\t\t\t\t<div class=\"elementor-column elementor-col-100 elementor-top-column elementor-element elementor-element-231a43fb exad-glass-effect-no exad-sticky-section-no\" data-id=\"231a43fb\" data-element_type=\"column\" data-e-type=\"column\">\n\t\t\t<div class=\"elementor-widget-wrap elementor-element-populated\">\n\t\t\t\t\t\t<div class=\"elementor-element elementor-element-7edf9184 exad-sticky-section-no exad-glass-effect-no elementor-widget elementor-widget-image\" data-id=\"7edf9184\" data-element_type=\"widget\" data-e-type=\"widget\" data-widget_type=\"image.default\">\n\t\t\t\t<div class=\"elementor-widget-container\">\n\t\t\t\t\t\t\t\t\t\t\t\t\t\t\t\t<a href=\"https:\/\/sebastienparmentelot.com\/wp-content\/uploads\/2025\/12\/Terrasse-Deckflow-Sebastien-Parmentelot-13.avif\" data-elementor-open-lightbox=\"yes\" data-elementor-lightbox-title=\"Terrasse-Deckflow-S\u00e9bastien-Parmentelot-13\" data-e-action-hash=\"#elementor-action%3Aaction%3Dlightbox%26settings%3DeyJpZCI6MTM2MTEsInVybCI6Imh0dHBzOlwvXC9zZWJhc3RpZW5wYXJtZW50ZWxvdC5jb21cL3dwLWNvbnRlbnRcL3VwbG9hZHNcLzIwMjVcLzEyXC9UZXJyYXNzZS1EZWNrZmxvdy1TZWJhc3RpZW4tUGFybWVudGVsb3QtMTMuYXZpZiJ9\" data-lbwps-width=\"2048\" data-lbwps-height=\"1365\" data-lbwps-srcsmall=\"https:\/\/sebastienparmentelot.com\/wp-content\/uploads\/2025\/12\/Terrasse-Deckflow-Sebastien-Parmentelot-13-18x12.avif\">\n\t\t\t\t\t\t\t<img fetchpriority=\"high\" decoding=\"async\" width=\"2048\" height=\"1365\" src=\"https:\/\/sebastienparmentelot.com\/wp-content\/uploads\/2025\/12\/Terrasse-Deckflow-Sebastien-Parmentelot-13.avif\" class=\"attachment-full size-full wp-image-13611\" alt=\"\" srcset=\"https:\/\/sebastienparmentelot.com\/wp-content\/uploads\/2025\/12\/Terrasse-Deckflow-Sebastien-Parmentelot-13.avif 2048w, https:\/\/sebastienparmentelot.com\/wp-content\/uploads\/2025\/12\/Terrasse-Deckflow-Sebastien-Parmentelot-13-300x200.avif 300w, https:\/\/sebastienparmentelot.com\/wp-content\/uploads\/2025\/12\/Terrasse-Deckflow-Sebastien-Parmentelot-13-150x100.avif 150w, https:\/\/sebastienparmentelot.com\/wp-content\/uploads\/2025\/12\/Terrasse-Deckflow-Sebastien-Parmentelot-13-768x512.avif 768w, https:\/\/sebastienparmentelot.com\/wp-content\/uploads\/2025\/12\/Terrasse-Deckflow-Sebastien-Parmentelot-13-1536x1024.avif 1536w, https:\/\/sebastienparmentelot.com\/wp-content\/uploads\/2025\/12\/Terrasse-Deckflow-Sebastien-Parmentelot-13-18x12.avif 18w\" sizes=\"(max-width: 2048px) 100vw, 2048px\" title=\"\">\t\t\t\t\t\t\t\t<\/a>\n\t\t\t\t\t\t\t\t\t\t\t\t\t\t\t<\/div>\n\t\t\t\t<\/div>\n\t\t\t\t\t<\/div>\n\t\t<\/div>\n\t\t\t\t\t<\/div>\n\t\t<\/section>\n\t\t\t\t<section class=\"elementor-section elementor-top-section elementor-element elementor-element-793a57d7 elementor-section-boxed elementor-section-height-default elementor-section-height-default exad-glass-effect-no exad-sticky-section-no\" data-id=\"793a57d7\" data-element_type=\"section\" data-e-type=\"section\">\n\t\t\t\t\t\t<div class=\"elementor-container elementor-column-gap-default\">\n\t\t\t\t\t<div class=\"elementor-column elementor-col-100 elementor-top-column elementor-element elementor-element-35a64c3 exad-glass-effect-no exad-sticky-section-no\" data-id=\"35a64c3\" data-element_type=\"column\" data-e-type=\"column\">\n\t\t\t<div class=\"elementor-widget-wrap elementor-element-populated\">\n\t\t\t\t\t\t<div class=\"elementor-element elementor-element-a367fc2 exad-sticky-section-no exad-glass-effect-no elementor-invisible elementor-widget elementor-widget-heading\" data-id=\"a367fc2\" data-element_type=\"widget\" data-e-type=\"widget\" data-settings=\"{&quot;_animation&quot;:&quot;fadeInUp&quot;}\" data-widget_type=\"heading.default\">\n\t\t\t\t<div class=\"elementor-widget-container\">\n\t\t\t\t\t<h1 class=\"elementor-heading-title elementor-size-default\"><span>TERRASSE <\/span> DECK FLOW<\/h1>\t\t\t\t<\/div>\n\t\t\t\t<\/div>\n\t\t\t\t\t<\/div>\n\t\t<\/div>\n\t\t\t\t\t<\/div>\n\t\t<\/section>\n\t\t\t\t<section class=\"elementor-section elementor-top-section elementor-element elementor-element-1c949350 elementor-section-boxed elementor-section-height-default elementor-section-height-default exad-glass-effect-no exad-sticky-section-no\" data-id=\"1c949350\" data-element_type=\"section\" data-e-type=\"section\">\n\t\t\t\t\t\t<div class=\"elementor-container elementor-column-gap-default\">\n\t\t\t\t\t<div class=\"elementor-column elementor-col-100 elementor-top-column elementor-element elementor-element-25bb3bdc exad-glass-effect-no exad-sticky-section-no\" data-id=\"25bb3bdc\" data-element_type=\"column\" data-e-type=\"column\">\n\t\t\t<div class=\"elementor-widget-wrap elementor-element-populated\">\n\t\t\t\t\t\t<div class=\"elementor-element elementor-element-5e881f9 exad-sticky-section-no exad-glass-effect-no elementor-widget elementor-widget-heading\" data-id=\"5e881f9\" data-element_type=\"widget\" data-e-type=\"widget\" data-widget_type=\"heading.default\">\n\t\t\t\t<div class=\"elementor-widget-container\">\n\t\t\t\t\t<p class=\"elementor-heading-title elementor-size-default\"><b>DeckFlow<\/b> propose un concept innovant de terrasse hydro\u2011rafra\u00eechissante, un am\u00e9nagement ext\u00e9rieur en bois \u00e9quip\u00e9 de jets d\u2019eau pour cr\u00e9er un espace de baignade et de fra\u00eecheur unique.  \n<br>\n<br>\n<b>Designer <\/b>: DeckFlow<div>\n <br>\n<b>Type of project <\/b> : Design\n <br>\n<b>Service <\/b> : Photography<\/div><\/p>\t\t\t\t<\/div>\n\t\t\t\t<\/div>\n\t\t\t\t\t<\/div>\n\t\t<\/div>\n\t\t\t\t\t<\/div>\n\t\t<\/section>\n\t\t\t\t<section class=\"elementor-section elementor-top-section elementor-element elementor-element-27b12567 elementor-section-boxed elementor-section-height-default elementor-section-height-default exad-glass-effect-no exad-sticky-section-no\" data-id=\"27b12567\" data-element_type=\"section\" data-e-type=\"section\">\n\t\t\t\t\t\t<div class=\"elementor-container elementor-column-gap-default\">\n\t\t\t\t\t<div class=\"elementor-column elementor-col-100 elementor-top-column elementor-element elementor-element-645a20cc exad-glass-effect-no exad-sticky-section-no\" data-id=\"645a20cc\" data-element_type=\"column\" data-e-type=\"column\">\n\t\t\t<div class=\"elementor-widget-wrap elementor-element-populated\">\n\t\t\t\t\t\t<div class=\"elementor-element elementor-element-7d4ba432 exad-sticky-section-no exad-glass-effect-no elementor-widget elementor-widget-gallery\" data-id=\"7d4ba432\" data-element_type=\"widget\" data-e-type=\"widget\" data-settings=\"{&quot;columns&quot;:3,&quot;gap&quot;:{&quot;unit&quot;:&quot;px&quot;,&quot;size&quot;:30,&quot;sizes&quot;:[]},&quot;gallery_layout&quot;:&quot;masonry&quot;,&quot;lazyload&quot;:&quot;yes&quot;,&quot;columns_tablet&quot;:2,&quot;columns_mobile&quot;:1,&quot;gap_tablet_extra&quot;:{&quot;unit&quot;:&quot;px&quot;,&quot;size&quot;:10,&quot;sizes&quot;:[]},&quot;gap_tablet&quot;:{&quot;unit&quot;:&quot;px&quot;,&quot;size&quot;:10,&quot;sizes&quot;:[]},&quot;gap_mobile_extra&quot;:{&quot;unit&quot;:&quot;px&quot;,&quot;size&quot;:10,&quot;sizes&quot;:[]},&quot;gap_mobile&quot;:{&quot;unit&quot;:&quot;px&quot;,&quot;size&quot;:10,&quot;sizes&quot;:[]},&quot;link_to&quot;:&quot;file&quot;,&quot;content_hover_animation&quot;:&quot;fade-in&quot;}\" data-widget_type=\"gallery.default\">\n\t\t\t\t<div class=\"elementor-widget-container\">\n\t\t\t\t\t\t\t<div class=\"elementor-gallery__container\">\n\t\t\t\t\t\t\t<a class=\"e-gallery-item elementor-gallery-item elementor-animated-content\" href=\"https:\/\/sebastienparmentelot.com\/wp-content\/uploads\/2025\/12\/Terrasse-Deckflow-Sebastien-Parmentelot-4.avif\" data-elementor-open-lightbox=\"yes\" data-elementor-lightbox-slideshow=\"all-7d4ba432\" data-elementor-lightbox-title=\"Terrasse-Deckflow-S\u00e9bastien-Parmentelot-4\" data-e-action-hash=\"#elementor-action%3Aaction%3Dlightbox%26settings%3DeyJpZCI6MTM2MDIsInVybCI6Imh0dHBzOlwvXC9zZWJhc3RpZW5wYXJtZW50ZWxvdC5jb21cL3dwLWNvbnRlbnRcL3VwbG9hZHNcLzIwMjVcLzEyXC9UZXJyYXNzZS1EZWNrZmxvdy1TZWJhc3RpZW4tUGFybWVudGVsb3QtNC5hdmlmIiwic2xpZGVzaG93IjoiYWxsLTdkNGJhNDMyIn0%3D\" data-lbwps-width=\"2048\" data-lbwps-height=\"1365\" data-lbwps-srcsmall=\"https:\/\/sebastienparmentelot.com\/wp-content\/uploads\/2025\/12\/Terrasse-Deckflow-Sebastien-Parmentelot-4-18x12.avif\">\n\t\t\t\t\t<div class=\"e-gallery-image elementor-gallery-item__image\" data-thumbnail=\"https:\/\/sebastienparmentelot.com\/wp-content\/uploads\/2025\/12\/Terrasse-Deckflow-Sebastien-Parmentelot-4.avif\" data-width=\"2048\" data-height=\"1365\" alt=\"\" ><\/div>\n\t\t\t\t\t\t\t\t\t\t\t\t\t\t<\/a>\n\t\t\t\t\t\t\t<a class=\"e-gallery-item elementor-gallery-item elementor-animated-content\" href=\"https:\/\/sebastienparmentelot.com\/wp-content\/uploads\/2025\/12\/Terrasse-Deckflow-Sebastien-Parmentelot-5.avif\" data-elementor-open-lightbox=\"yes\" data-elementor-lightbox-slideshow=\"all-7d4ba432\" data-elementor-lightbox-title=\"Terrasse-Deckflow-S\u00e9bastien-Parmentelot-5\" data-e-action-hash=\"#elementor-action%3Aaction%3Dlightbox%26settings%3DeyJpZCI6MTM2MDMsInVybCI6Imh0dHBzOlwvXC9zZWJhc3RpZW5wYXJtZW50ZWxvdC5jb21cL3dwLWNvbnRlbnRcL3VwbG9hZHNcLzIwMjVcLzEyXC9UZXJyYXNzZS1EZWNrZmxvdy1TZWJhc3RpZW4tUGFybWVudGVsb3QtNS5hdmlmIiwic2xpZGVzaG93IjoiYWxsLTdkNGJhNDMyIn0%3D\" data-lbwps-width=\"2048\" data-lbwps-height=\"1365\" data-lbwps-srcsmall=\"https:\/\/sebastienparmentelot.com\/wp-content\/uploads\/2025\/12\/Terrasse-Deckflow-Sebastien-Parmentelot-5-18x12.avif\">\n\t\t\t\t\t<div class=\"e-gallery-image elementor-gallery-item__image\" data-thumbnail=\"https:\/\/sebastienparmentelot.com\/wp-content\/uploads\/2025\/12\/Terrasse-Deckflow-Sebastien-Parmentelot-5.avif\" data-width=\"2048\" data-height=\"1365\" alt=\"\" ><\/div>\n\t\t\t\t\t\t\t\t\t\t\t\t\t\t<\/a>\n\t\t\t\t\t\t\t<a class=\"e-gallery-item elementor-gallery-item elementor-animated-content\" href=\"https:\/\/sebastienparmentelot.com\/wp-content\/uploads\/2025\/12\/Terrasse-Deckflow-Sebastien-Parmentelot-6.avif\" data-elementor-open-lightbox=\"yes\" data-elementor-lightbox-slideshow=\"all-7d4ba432\" data-elementor-lightbox-title=\"Terrasse-Deckflow-S\u00e9bastien-Parmentelot-6\" data-e-action-hash=\"#elementor-action%3Aaction%3Dlightbox%26settings%3DeyJpZCI6MTM2MDQsInVybCI6Imh0dHBzOlwvXC9zZWJhc3RpZW5wYXJtZW50ZWxvdC5jb21cL3dwLWNvbnRlbnRcL3VwbG9hZHNcLzIwMjVcLzEyXC9UZXJyYXNzZS1EZWNrZmxvdy1TZWJhc3RpZW4tUGFybWVudGVsb3QtNi5hdmlmIiwic2xpZGVzaG93IjoiYWxsLTdkNGJhNDMyIn0%3D\" data-lbwps-width=\"2048\" data-lbwps-height=\"1365\" data-lbwps-srcsmall=\"https:\/\/sebastienparmentelot.com\/wp-content\/uploads\/2025\/12\/Terrasse-Deckflow-Sebastien-Parmentelot-6-18x12.avif\">\n\t\t\t\t\t<div class=\"e-gallery-image elementor-gallery-item__image\" data-thumbnail=\"https:\/\/sebastienparmentelot.com\/wp-content\/uploads\/2025\/12\/Terrasse-Deckflow-Sebastien-Parmentelot-6.avif\" data-width=\"2048\" data-height=\"1365\" alt=\"\" ><\/div>\n\t\t\t\t\t\t\t\t\t\t\t\t\t\t<\/a>\n\t\t\t\t\t\t\t<a class=\"e-gallery-item elementor-gallery-item elementor-animated-content\" href=\"https:\/\/sebastienparmentelot.com\/wp-content\/uploads\/2025\/12\/Terrasse-Deckflow-Sebastien-Parmentelot-7.avif\" data-elementor-open-lightbox=\"yes\" data-elementor-lightbox-slideshow=\"all-7d4ba432\" data-elementor-lightbox-title=\"Terrasse-Deckflow-S\u00e9bastien-Parmentelot-7\" data-e-action-hash=\"#elementor-action%3Aaction%3Dlightbox%26settings%3DeyJpZCI6MTM2MDUsInVybCI6Imh0dHBzOlwvXC9zZWJhc3RpZW5wYXJtZW50ZWxvdC5jb21cL3dwLWNvbnRlbnRcL3VwbG9hZHNcLzIwMjVcLzEyXC9UZXJyYXNzZS1EZWNrZmxvdy1TZWJhc3RpZW4tUGFybWVudGVsb3QtNy5hdmlmIiwic2xpZGVzaG93IjoiYWxsLTdkNGJhNDMyIn0%3D\" data-lbwps-width=\"2048\" data-lbwps-height=\"1365\" data-lbwps-srcsmall=\"https:\/\/sebastienparmentelot.com\/wp-content\/uploads\/2025\/12\/Terrasse-Deckflow-Sebastien-Parmentelot-7-18x12.avif\">\n\t\t\t\t\t<div class=\"e-gallery-image elementor-gallery-item__image\" data-thumbnail=\"https:\/\/sebastienparmentelot.com\/wp-content\/uploads\/2025\/12\/Terrasse-Deckflow-Sebastien-Parmentelot-7.avif\" data-width=\"2048\" data-height=\"1365\" alt=\"\" ><\/div>\n\t\t\t\t\t\t\t\t\t\t\t\t\t\t<\/a>\n\t\t\t\t\t\t\t<a class=\"e-gallery-item elementor-gallery-item elementor-animated-content\" href=\"https:\/\/sebastienparmentelot.com\/wp-content\/uploads\/2025\/12\/Terrasse-Deckflow-Sebastien-Parmentelot-9.avif\" data-elementor-open-lightbox=\"yes\" data-elementor-lightbox-slideshow=\"all-7d4ba432\" data-elementor-lightbox-title=\"Terrasse-Deckflow-S\u00e9bastien-Parmentelot-9\" data-e-action-hash=\"#elementor-action%3Aaction%3Dlightbox%26settings%3DeyJpZCI6MTM2MDcsInVybCI6Imh0dHBzOlwvXC9zZWJhc3RpZW5wYXJtZW50ZWxvdC5jb21cL3dwLWNvbnRlbnRcL3VwbG9hZHNcLzIwMjVcLzEyXC9UZXJyYXNzZS1EZWNrZmxvdy1TZWJhc3RpZW4tUGFybWVudGVsb3QtOS5hdmlmIiwic2xpZGVzaG93IjoiYWxsLTdkNGJhNDMyIn0%3D\" data-lbwps-width=\"2048\" data-lbwps-height=\"1366\" data-lbwps-srcsmall=\"https:\/\/sebastienparmentelot.com\/wp-content\/uploads\/2025\/12\/Terrasse-Deckflow-Sebastien-Parmentelot-9-18x12.avif\">\n\t\t\t\t\t<div class=\"e-gallery-image elementor-gallery-item__image\" data-thumbnail=\"https:\/\/sebastienparmentelot.com\/wp-content\/uploads\/2025\/12\/Terrasse-Deckflow-Sebastien-Parmentelot-9.avif\" data-width=\"2048\" data-height=\"1366\" alt=\"\" ><\/div>\n\t\t\t\t\t\t\t\t\t\t\t\t\t\t<\/a>\n\t\t\t\t\t\t\t<a class=\"e-gallery-item elementor-gallery-item elementor-animated-content\" href=\"https:\/\/sebastienparmentelot.com\/wp-content\/uploads\/2025\/12\/Terrasse-Deckflow-Sebastien-Parmentelot-10.avif\" data-elementor-open-lightbox=\"yes\" data-elementor-lightbox-slideshow=\"all-7d4ba432\" data-elementor-lightbox-title=\"Terrasse-Deckflow-S\u00e9bastien-Parmentelot-10\" data-e-action-hash=\"#elementor-action%3Aaction%3Dlightbox%26settings%3DeyJpZCI6MTM2MDgsInVybCI6Imh0dHBzOlwvXC9zZWJhc3RpZW5wYXJtZW50ZWxvdC5jb21cL3dwLWNvbnRlbnRcL3VwbG9hZHNcLzIwMjVcLzEyXC9UZXJyYXNzZS1EZWNrZmxvdy1TZWJhc3RpZW4tUGFybWVudGVsb3QtMTAuYXZpZiIsInNsaWRlc2hvdyI6ImFsbC03ZDRiYTQzMiJ9\" data-lbwps-width=\"2048\" data-lbwps-height=\"1365\" data-lbwps-srcsmall=\"https:\/\/sebastienparmentelot.com\/wp-content\/uploads\/2025\/12\/Terrasse-Deckflow-Sebastien-Parmentelot-10-18x12.avif\">\n\t\t\t\t\t<div class=\"e-gallery-image elementor-gallery-item__image\" data-thumbnail=\"https:\/\/sebastienparmentelot.com\/wp-content\/uploads\/2025\/12\/Terrasse-Deckflow-Sebastien-Parmentelot-10.avif\" data-width=\"2048\" data-height=\"1365\" alt=\"\" ><\/div>\n\t\t\t\t\t\t\t\t\t\t\t\t\t\t<\/a>\n\t\t\t\t\t\t\t<a class=\"e-gallery-item elementor-gallery-item elementor-animated-content\" href=\"https:\/\/sebastienparmentelot.com\/wp-content\/uploads\/2025\/12\/Terrasse-Deckflow-Sebastien-Parmentelot-11.avif\" data-elementor-open-lightbox=\"yes\" data-elementor-lightbox-slideshow=\"all-7d4ba432\" data-elementor-lightbox-title=\"Terrasse-Deckflow-S\u00e9bastien-Parmentelot-11\" data-e-action-hash=\"#elementor-action%3Aaction%3Dlightbox%26settings%3DeyJpZCI6MTM2MDksInVybCI6Imh0dHBzOlwvXC9zZWJhc3RpZW5wYXJtZW50ZWxvdC5jb21cL3dwLWNvbnRlbnRcL3VwbG9hZHNcLzIwMjVcLzEyXC9UZXJyYXNzZS1EZWNrZmxvdy1TZWJhc3RpZW4tUGFybWVudGVsb3QtMTEuYXZpZiIsInNsaWRlc2hvdyI6ImFsbC03ZDRiYTQzMiJ9\" data-lbwps-width=\"2048\" data-lbwps-height=\"1365\" data-lbwps-srcsmall=\"https:\/\/sebastienparmentelot.com\/wp-content\/uploads\/2025\/12\/Terrasse-Deckflow-Sebastien-Parmentelot-11-18x12.avif\">\n\t\t\t\t\t<div class=\"e-gallery-image elementor-gallery-item__image\" data-thumbnail=\"https:\/\/sebastienparmentelot.com\/wp-content\/uploads\/2025\/12\/Terrasse-Deckflow-Sebastien-Parmentelot-11.avif\" data-width=\"2048\" data-height=\"1365\" alt=\"\" ><\/div>\n\t\t\t\t\t\t\t\t\t\t\t\t\t\t<\/a>\n\t\t\t\t\t\t\t<a class=\"e-gallery-item elementor-gallery-item elementor-animated-content\" href=\"https:\/\/sebastienparmentelot.com\/wp-content\/uploads\/2025\/12\/Terrasse-Deckflow-Sebastien-Parmentelot-12.avif\" data-elementor-open-lightbox=\"yes\" data-elementor-lightbox-slideshow=\"all-7d4ba432\" data-elementor-lightbox-title=\"Terrasse-Deckflow-S\u00e9bastien-Parmentelot-12\" data-e-action-hash=\"#elementor-action%3Aaction%3Dlightbox%26settings%3DeyJpZCI6MTM2MTAsInVybCI6Imh0dHBzOlwvXC9zZWJhc3RpZW5wYXJtZW50ZWxvdC5jb21cL3dwLWNvbnRlbnRcL3VwbG9hZHNcLzIwMjVcLzEyXC9UZXJyYXNzZS1EZWNrZmxvdy1TZWJhc3RpZW4tUGFybWVudGVsb3QtMTIuYXZpZiIsInNsaWRlc2hvdyI6ImFsbC03ZDRiYTQzMiJ9\" data-lbwps-width=\"2048\" data-lbwps-height=\"1365\" data-lbwps-srcsmall=\"https:\/\/sebastienparmentelot.com\/wp-content\/uploads\/2025\/12\/Terrasse-Deckflow-Sebastien-Parmentelot-12-18x12.avif\">\n\t\t\t\t\t<div class=\"e-gallery-image elementor-gallery-item__image\" data-thumbnail=\"https:\/\/sebastienparmentelot.com\/wp-content\/uploads\/2025\/12\/Terrasse-Deckflow-Sebastien-Parmentelot-12.avif\" data-width=\"2048\" data-height=\"1365\" alt=\"\" ><\/div>\n\t\t\t\t\t\t\t\t\t\t\t\t\t\t<\/a>\n\t\t\t\t\t\t\t<a class=\"e-gallery-item elementor-gallery-item elementor-animated-content\" href=\"https:\/\/sebastienparmentelot.com\/wp-content\/uploads\/2025\/12\/Terrasse-Deckflow-Sebastien-Parmentelot-14.avif\" data-elementor-open-lightbox=\"yes\" data-elementor-lightbox-slideshow=\"all-7d4ba432\" data-elementor-lightbox-title=\"Terrasse-Deckflow-S\u00e9bastien-Parmentelot-14\" data-e-action-hash=\"#elementor-action%3Aaction%3Dlightbox%26settings%3DeyJpZCI6MTM2MTIsInVybCI6Imh0dHBzOlwvXC9zZWJhc3RpZW5wYXJtZW50ZWxvdC5jb21cL3dwLWNvbnRlbnRcL3VwbG9hZHNcLzIwMjVcLzEyXC9UZXJyYXNzZS1EZWNrZmxvdy1TZWJhc3RpZW4tUGFybWVudGVsb3QtMTQuYXZpZiIsInNsaWRlc2hvdyI6ImFsbC03ZDRiYTQzMiJ9\" data-lbwps-width=\"2048\" data-lbwps-height=\"1365\" data-lbwps-srcsmall=\"https:\/\/sebastienparmentelot.com\/wp-content\/uploads\/2025\/12\/Terrasse-Deckflow-Sebastien-Parmentelot-14-18x12.avif\">\n\t\t\t\t\t<div class=\"e-gallery-image elementor-gallery-item__image\" data-thumbnail=\"https:\/\/sebastienparmentelot.com\/wp-content\/uploads\/2025\/12\/Terrasse-Deckflow-Sebastien-Parmentelot-14.avif\" data-width=\"2048\" data-height=\"1365\" alt=\"\" ><\/div>\n\t\t\t\t\t\t\t\t\t\t\t\t\t\t<\/a>\n\t\t\t\t\t\t\t<a class=\"e-gallery-item elementor-gallery-item elementor-animated-content\" href=\"https:\/\/sebastienparmentelot.com\/wp-content\/uploads\/2025\/12\/Terrasse-Deckflow-Sebastien-Parmentelot-15.avif\" data-elementor-open-lightbox=\"yes\" data-elementor-lightbox-slideshow=\"all-7d4ba432\" data-elementor-lightbox-title=\"Terrasse-Deckflow-S\u00e9bastien-Parmentelot-15\" data-e-action-hash=\"#elementor-action%3Aaction%3Dlightbox%26settings%3DeyJpZCI6MTM2MTMsInVybCI6Imh0dHBzOlwvXC9zZWJhc3RpZW5wYXJtZW50ZWxvdC5jb21cL3dwLWNvbnRlbnRcL3VwbG9hZHNcLzIwMjVcLzEyXC9UZXJyYXNzZS1EZWNrZmxvdy1TZWJhc3RpZW4tUGFybWVudGVsb3QtMTUuYXZpZiIsInNsaWRlc2hvdyI6ImFsbC03ZDRiYTQzMiJ9\" data-lbwps-width=\"2048\" data-lbwps-height=\"1365\" data-lbwps-srcsmall=\"https:\/\/sebastienparmentelot.com\/wp-content\/uploads\/2025\/12\/Terrasse-Deckflow-Sebastien-Parmentelot-15-18x12.avif\">\n\t\t\t\t\t<div class=\"e-gallery-image elementor-gallery-item__image\" data-thumbnail=\"https:\/\/sebastienparmentelot.com\/wp-content\/uploads\/2025\/12\/Terrasse-Deckflow-Sebastien-Parmentelot-15.avif\" data-width=\"2048\" data-height=\"1365\" alt=\"\" ><\/div>\n\t\t\t\t\t\t\t\t\t\t\t\t\t\t<\/a>\n\t\t\t\t\t<\/div>\n\t\t\t\t\t<\/div>\n\t\t\t\t<\/div>\n\t\t\t\t\t<\/div>\n\t\t<\/div>\n\t\t\t\t\t<\/div>\n\t\t<\/section>\n\t\t\t\t<section class=\"elementor-section elementor-top-section elementor-element elementor-element-4e8b05ed elementor-section-boxed elementor-section-height-default elementor-section-height-default exad-glass-effect-no exad-sticky-section-no\" data-id=\"4e8b05ed\" data-element_type=\"section\" data-e-type=\"section\">\n\t\t\t\t\t\t<div class=\"elementor-container elementor-column-gap-default\">\n\t\t\t\t\t<div class=\"elementor-column elementor-col-100 elementor-top-column elementor-element elementor-element-76e1b886 exad-glass-effect-no exad-sticky-section-no\" data-id=\"76e1b886\" data-element_type=\"column\" data-e-type=\"column\">\n\t\t\t<div class=\"elementor-widget-wrap elementor-element-populated\">\n\t\t\t\t\t\t<div class=\"elementor-element elementor-element-5c51614e exad-sticky-section-no exad-glass-effect-no elementor-widget elementor-widget-gallery\" data-id=\"5c51614e\" data-element_type=\"widget\" data-e-type=\"widget\" data-settings=\"{&quot;columns&quot;:2,&quot;gap&quot;:{&quot;unit&quot;:&quot;px&quot;,&quot;size&quot;:30,&quot;sizes&quot;:[]},&quot;gallery_layout&quot;:&quot;masonry&quot;,&quot;lazyload&quot;:&quot;yes&quot;,&quot;columns_tablet&quot;:2,&quot;columns_mobile&quot;:1,&quot;gap_tablet_extra&quot;:{&quot;unit&quot;:&quot;px&quot;,&quot;size&quot;:10,&quot;sizes&quot;:[]},&quot;gap_tablet&quot;:{&quot;unit&quot;:&quot;px&quot;,&quot;size&quot;:10,&quot;sizes&quot;:[]},&quot;gap_mobile_extra&quot;:{&quot;unit&quot;:&quot;px&quot;,&quot;size&quot;:10,&quot;sizes&quot;:[]},&quot;gap_mobile&quot;:{&quot;unit&quot;:&quot;px&quot;,&quot;size&quot;:10,&quot;sizes&quot;:[]},&quot;link_to&quot;:&quot;file&quot;,&quot;content_hover_animation&quot;:&quot;fade-in&quot;}\" data-widget_type=\"gallery.default\">\n\t\t\t\t<div class=\"elementor-widget-container\">\n\t\t\t\t\t\t\t<div class=\"elementor-gallery__container\">\n\t\t\t\t\t<\/div>\n\t\t\t\t\t<\/div>\n\t\t\t\t<\/div>\n\t\t\t\t\t<\/div>\n\t\t<\/div>\n\t\t\t\t\t<\/div>\n\t\t<\/section>\n\t\t\t\t<section class=\"elementor-section elementor-top-section elementor-element elementor-element-1a280edb elementor-section-boxed elementor-section-height-default elementor-section-height-default exad-glass-effect-no exad-sticky-section-no\" data-id=\"1a280edb\" data-element_type=\"section\" data-e-type=\"section\">\n\t\t\t\t\t\t<div class=\"elementor-container elementor-column-gap-default\">\n\t\t\t\t\t<div class=\"elementor-column elementor-col-100 elementor-top-column elementor-element elementor-element-35e44a06 exad-glass-effect-no exad-sticky-section-no\" data-id=\"35e44a06\" data-element_type=\"column\" data-e-type=\"column\">\n\t\t\t<div class=\"elementor-widget-wrap elementor-element-populated\">\n\t\t\t\t\t\t<div class=\"elementor-element elementor-element-7f1506d2 exad-sticky-section-no exad-glass-effect-no elementor-widget elementor-widget-heading\" data-id=\"7f1506d2\" data-element_type=\"widget\" data-e-type=\"widget\" data-widget_type=\"heading.default\">\n\t\t\t\t<div class=\"elementor-widget-container\">\n\t\t\t\t\t<p class=\"elementor-heading-title elementor-size-default\">Vous recherchez un photographe d'architecture dans <b>les Alpes-Maritimes<\/b> ?<br> <a href=\"https:\/\/sebastienparmentelot.com\/en\/contact-photographer-antibes\/\" style=\"white-space: normal\"><u>Contact S\u00e9bastien Parmentelot<\/u><\/a>  pour r\u00e9v\u00e9ler vos am\u00e9nagements ext\u00e9rieurs !<\/p>\t\t\t\t<\/div>\n\t\t\t\t<\/div>\n\t\t\t\t\t<\/div>\n\t\t<\/div>\n\t\t\t\t\t<\/div>\n\t\t<\/section>\n\t\t\t\t<\/div>","protected":false},"excerpt":{"rendered":"<p>TERRASSE DECK FLOW DeckFlow propose un concept innovant de terrasse hydro\u2011rafra\u00eechissante, un am\u00e9nagement ext\u00e9rieur en bois \u00e9quip\u00e9 de jets d\u2019eau pour cr\u00e9er un espace de baignade et de fra\u00eecheur unique. Designer : DeckFlow Type de projet : Design Service : Photographie Vous recherchez un photographe d&rsquo;architecture dans les Alpes-Maritimes ? Contactez S\u00e9bastien Parmentelot pour r\u00e9v\u00e9ler [&hellip;]<\/p>\n","protected":false},"author":1,"featured_media":0,"parent":0,"menu_order":0,"comment_status":"closed","ping_status":"closed","template":"elementor_header_footer","meta":{"footnotes":""},"class_list":["post-13621","page","type-page","status-publish","hentry"],"_links":{"self":[{"href":"https:\/\/sebastienparmentelot.com\/en\/wp-json\/wp\/v2\/pages\/13621","targetHints":{"allow":["GET"]}}],"collection":[{"href":"https:\/\/sebastienparmentelot.com\/en\/wp-json\/wp\/v2\/pages"}],"about":[{"href":"https:\/\/sebastienparmentelot.com\/en\/wp-json\/wp\/v2\/types\/page"}],"author":[{"embeddable":true,"href":"https:\/\/sebastienparmentelot.com\/en\/wp-json\/wp\/v2\/users\/1"}],"replies":[{"embeddable":true,"href":"https:\/\/sebastienparmentelot.com\/en\/wp-json\/wp\/v2\/comments?post=13621"}],"version-history":[{"count":11,"href":"https:\/\/sebastienparmentelot.com\/en\/wp-json\/wp\/v2\/pages\/13621\/revisions"}],"predecessor-version":[{"id":14187,"href":"https:\/\/sebastienparmentelot.com\/en\/wp-json\/wp\/v2\/pages\/13621\/revisions\/14187"}],"wp:attachment":[{"href":"https:\/\/sebastienparmentelot.com\/en\/wp-json\/wp\/v2\/media?parent=13621"}],"curies":[{"name":"wp","href":"https:\/\/api.w.org\/{rel}","templated":true}]}}