{"id":13650,"date":"2025-12-04T13:15:41","date_gmt":"2025-12-04T13:15:41","guid":{"rendered":"https:\/\/sebastienparmentelot.com\/?page_id=13650"},"modified":"2025-12-08T08:36:14","modified_gmt":"2025-12-08T08:36:14","slug":"projet-appartement-le-joffre-beaulieu","status":"publish","type":"page","link":"https:\/\/sebastienparmentelot.com\/en\/projet-appartement-le-joffre-beaulieu\/","title":{"rendered":"Projet Le Joffre Beaulieu"},"content":{"rendered":"<div data-elementor-type=\"wp-page\" data-elementor-id=\"13650\" class=\"elementor elementor-13650\">\n\t\t\t\t\t\t<section class=\"elementor-section elementor-top-section elementor-element elementor-element-75f0ddf5 elementor-section-boxed elementor-section-height-default elementor-section-height-default exad-glass-effect-no exad-sticky-section-no\" data-id=\"75f0ddf5\" data-element_type=\"section\" data-e-type=\"section\">\n\t\t\t\t\t\t<div class=\"elementor-container elementor-column-gap-default\">\n\t\t\t\t\t<div class=\"elementor-column elementor-col-100 elementor-top-column elementor-element elementor-element-7305433c exad-glass-effect-no exad-sticky-section-no\" data-id=\"7305433c\" data-element_type=\"column\" data-e-type=\"column\">\n\t\t\t<div class=\"elementor-widget-wrap elementor-element-populated\">\n\t\t\t\t\t\t<div class=\"elementor-element elementor-element-1e90a065 exad-sticky-section-no exad-glass-effect-no elementor-widget elementor-widget-image\" data-id=\"1e90a065\" data-element_type=\"widget\" data-e-type=\"widget\" data-widget_type=\"image.default\">\n\t\t\t\t<div class=\"elementor-widget-container\">\n\t\t\t\t\t\t\t\t\t\t\t\t\t\t\t\t<a href=\"https:\/\/sebastienparmentelot.com\/wp-content\/uploads\/2025\/12\/Appartement-Beaulieu-Sebastien-Parmentelot-5.avif\" data-elementor-open-lightbox=\"no\" data-lbwps-width=\"2048\" data-lbwps-height=\"1365\" data-lbwps-srcsmall=\"https:\/\/sebastienparmentelot.com\/wp-content\/uploads\/2025\/12\/Appartement-Beaulieu-Sebastien-Parmentelot-5-18x12.avif\">\n\t\t\t\t\t\t\t<img fetchpriority=\"high\" decoding=\"async\" width=\"2048\" height=\"1365\" src=\"https:\/\/sebastienparmentelot.com\/wp-content\/uploads\/2025\/12\/Appartement-Beaulieu-Sebastien-Parmentelot-5.avif\" class=\"attachment-full size-full wp-image-13635\" alt=\"\" srcset=\"https:\/\/sebastienparmentelot.com\/wp-content\/uploads\/2025\/12\/Appartement-Beaulieu-Sebastien-Parmentelot-5.avif 2048w, https:\/\/sebastienparmentelot.com\/wp-content\/uploads\/2025\/12\/Appartement-Beaulieu-Sebastien-Parmentelot-5-300x200.avif 300w, https:\/\/sebastienparmentelot.com\/wp-content\/uploads\/2025\/12\/Appartement-Beaulieu-Sebastien-Parmentelot-5-150x100.avif 150w, https:\/\/sebastienparmentelot.com\/wp-content\/uploads\/2025\/12\/Appartement-Beaulieu-Sebastien-Parmentelot-5-768x512.avif 768w, https:\/\/sebastienparmentelot.com\/wp-content\/uploads\/2025\/12\/Appartement-Beaulieu-Sebastien-Parmentelot-5-1536x1024.avif 1536w, https:\/\/sebastienparmentelot.com\/wp-content\/uploads\/2025\/12\/Appartement-Beaulieu-Sebastien-Parmentelot-5-18x12.avif 18w\" sizes=\"(max-width: 2048px) 100vw, 2048px\" title=\"\">\t\t\t\t\t\t\t\t<\/a>\n\t\t\t\t\t\t\t\t\t\t\t\t\t\t\t<\/div>\n\t\t\t\t<\/div>\n\t\t\t\t\t<\/div>\n\t\t<\/div>\n\t\t\t\t\t<\/div>\n\t\t<\/section>\n\t\t\t\t<section class=\"elementor-section elementor-top-section elementor-element elementor-element-59747fc3 elementor-section-boxed elementor-section-height-default elementor-section-height-default exad-glass-effect-no exad-sticky-section-no\" data-id=\"59747fc3\" data-element_type=\"section\" data-e-type=\"section\">\n\t\t\t\t\t\t<div class=\"elementor-container elementor-column-gap-default\">\n\t\t\t\t\t<div class=\"elementor-column elementor-col-100 elementor-top-column elementor-element elementor-element-113d295a exad-glass-effect-no exad-sticky-section-no\" data-id=\"113d295a\" data-element_type=\"column\" data-e-type=\"column\">\n\t\t\t<div class=\"elementor-widget-wrap elementor-element-populated\">\n\t\t\t\t\t\t<div class=\"elementor-element elementor-element-6b17a1c3 exad-sticky-section-no exad-glass-effect-no elementor-invisible elementor-widget elementor-widget-heading\" data-id=\"6b17a1c3\" data-element_type=\"widget\" data-e-type=\"widget\" data-settings=\"{&quot;_animation&quot;:&quot;fadeInUp&quot;}\" data-widget_type=\"heading.default\">\n\t\t\t\t<div class=\"elementor-widget-container\">\n\t\t\t\t\t<h1 class=\"elementor-heading-title elementor-size-default\"> <span>LE JOFFRE <\/span> BEAULIEU<\/h1>\t\t\t\t<\/div>\n\t\t\t\t<\/div>\n\t\t\t\t\t<\/div>\n\t\t<\/div>\n\t\t\t\t\t<\/div>\n\t\t<\/section>\n\t\t\t\t<section class=\"elementor-section elementor-top-section elementor-element elementor-element-570e45be elementor-section-boxed elementor-section-height-default elementor-section-height-default exad-glass-effect-no exad-sticky-section-no\" data-id=\"570e45be\" data-element_type=\"section\" data-e-type=\"section\">\n\t\t\t\t\t\t<div class=\"elementor-container elementor-column-gap-default\">\n\t\t\t\t\t<div class=\"elementor-column elementor-col-100 elementor-top-column elementor-element elementor-element-4f07f081 exad-glass-effect-no exad-sticky-section-no\" data-id=\"4f07f081\" data-element_type=\"column\" data-e-type=\"column\">\n\t\t\t<div class=\"elementor-widget-wrap elementor-element-populated\">\n\t\t\t\t\t\t<div class=\"elementor-element elementor-element-4138a37d exad-sticky-section-no exad-glass-effect-no elementor-widget elementor-widget-heading\" data-id=\"4138a37d\" data-element_type=\"widget\" data-e-type=\"widget\" data-widget_type=\"heading.default\">\n\t\t\t\t<div class=\"elementor-widget-container\">\n\t\t\t\t\t<p class=\"elementor-heading-title elementor-size-default\">Le Joffre est un projet de r\u00e9novation partielle \u00e0 <b>Beaulieu sur Mer<\/b> r\u00e9alis\u00e9 par l'agence d'architecture Ambiance Beaulieu. \n<br>\n<br>\n<b>Architect <\/b> : Ambiance Beaulieu<div>\n\n <br>\n<b>Type of project <\/b> : Architecture d'int\u00e9rieur\n <br>\n<b>Service <\/b> : Photography<\/p>\t\t\t\t<\/div>\n\t\t\t\t<\/div>\n\t\t\t\t\t<\/div>\n\t\t<\/div>\n\t\t\t\t\t<\/div>\n\t\t<\/section>\n\t\t\t\t<section class=\"elementor-section elementor-top-section elementor-element elementor-element-4d212b5c elementor-section-boxed elementor-section-height-default elementor-section-height-default exad-glass-effect-no exad-sticky-section-no\" data-id=\"4d212b5c\" data-element_type=\"section\" data-e-type=\"section\">\n\t\t\t\t\t\t<div class=\"elementor-container elementor-column-gap-default\">\n\t\t\t\t\t<div class=\"elementor-column elementor-col-100 elementor-top-column elementor-element elementor-element-59eda16d exad-glass-effect-no exad-sticky-section-no\" data-id=\"59eda16d\" data-element_type=\"column\" data-e-type=\"column\">\n\t\t\t<div class=\"elementor-widget-wrap elementor-element-populated\">\n\t\t\t\t\t\t<div class=\"elementor-element elementor-element-4e319194 exad-sticky-section-no exad-glass-effect-no elementor-widget elementor-widget-gallery\" data-id=\"4e319194\" data-element_type=\"widget\" data-e-type=\"widget\" data-settings=\"{&quot;columns&quot;:3,&quot;gap&quot;:{&quot;unit&quot;:&quot;px&quot;,&quot;size&quot;:30,&quot;sizes&quot;:[]},&quot;gallery_layout&quot;:&quot;masonry&quot;,&quot;lazyload&quot;:&quot;yes&quot;,&quot;columns_tablet&quot;:2,&quot;columns_mobile&quot;:1,&quot;gap_tablet_extra&quot;:{&quot;unit&quot;:&quot;px&quot;,&quot;size&quot;:10,&quot;sizes&quot;:[]},&quot;gap_tablet&quot;:{&quot;unit&quot;:&quot;px&quot;,&quot;size&quot;:10,&quot;sizes&quot;:[]},&quot;gap_mobile_extra&quot;:{&quot;unit&quot;:&quot;px&quot;,&quot;size&quot;:10,&quot;sizes&quot;:[]},&quot;gap_mobile&quot;:{&quot;unit&quot;:&quot;px&quot;,&quot;size&quot;:10,&quot;sizes&quot;:[]},&quot;link_to&quot;:&quot;file&quot;,&quot;content_hover_animation&quot;:&quot;fade-in&quot;}\" data-widget_type=\"gallery.default\">\n\t\t\t\t<div class=\"elementor-widget-container\">\n\t\t\t\t\t\t\t<div class=\"elementor-gallery__container\">\n\t\t\t\t\t\t\t<a class=\"e-gallery-item elementor-gallery-item elementor-animated-content\" href=\"https:\/\/sebastienparmentelot.com\/wp-content\/uploads\/2025\/12\/Appartement-Beaulieu-Sebastien-Parmentelot-3.avif\" data-elementor-open-lightbox=\"yes\" data-elementor-lightbox-slideshow=\"all-4e319194\" data-elementor-lightbox-title=\"Appartement Beaulieu-S\u00e9bastien-Parmentelot-3\" data-e-action-hash=\"#elementor-action%3Aaction%3Dlightbox%26settings%3DeyJpZCI6MTM2MzMsInVybCI6Imh0dHBzOlwvXC9zZWJhc3RpZW5wYXJtZW50ZWxvdC5jb21cL3dwLWNvbnRlbnRcL3VwbG9hZHNcLzIwMjVcLzEyXC9BcHBhcnRlbWVudC1CZWF1bGlldS1TZWJhc3RpZW4tUGFybWVudGVsb3QtMy5hdmlmIiwic2xpZGVzaG93IjoiYWxsLTRlMzE5MTk0In0%3D\" data-lbwps-width=\"1365\" data-lbwps-height=\"2048\" data-lbwps-srcsmall=\"https:\/\/sebastienparmentelot.com\/wp-content\/uploads\/2025\/12\/Appartement-Beaulieu-Sebastien-Parmentelot-3-8x12.avif\">\n\t\t\t\t\t<div class=\"e-gallery-image elementor-gallery-item__image\" data-thumbnail=\"https:\/\/sebastienparmentelot.com\/wp-content\/uploads\/2025\/12\/Appartement-Beaulieu-Sebastien-Parmentelot-3.avif\" data-width=\"1365\" data-height=\"2048\" alt=\"\" ><\/div>\n\t\t\t\t\t\t\t\t\t\t\t\t\t\t<\/a>\n\t\t\t\t\t\t\t<a class=\"e-gallery-item elementor-gallery-item elementor-animated-content\" href=\"https:\/\/sebastienparmentelot.com\/wp-content\/uploads\/2025\/12\/Appartement-Beaulieu-Sebastien-Parmentelot-1.avif\" data-elementor-open-lightbox=\"yes\" data-elementor-lightbox-slideshow=\"all-4e319194\" data-elementor-lightbox-title=\"Appartement Beaulieu-S\u00e9bastien-Parmentelot-1\" data-e-action-hash=\"#elementor-action%3Aaction%3Dlightbox%26settings%3DeyJpZCI6MTM2MzEsInVybCI6Imh0dHBzOlwvXC9zZWJhc3RpZW5wYXJtZW50ZWxvdC5jb21cL3dwLWNvbnRlbnRcL3VwbG9hZHNcLzIwMjVcLzEyXC9BcHBhcnRlbWVudC1CZWF1bGlldS1TZWJhc3RpZW4tUGFybWVudGVsb3QtMS5hdmlmIiwic2xpZGVzaG93IjoiYWxsLTRlMzE5MTk0In0%3D\" data-lbwps-width=\"2048\" data-lbwps-height=\"1365\" data-lbwps-srcsmall=\"https:\/\/sebastienparmentelot.com\/wp-content\/uploads\/2025\/12\/Appartement-Beaulieu-Sebastien-Parmentelot-1-18x12.avif\">\n\t\t\t\t\t<div class=\"e-gallery-image elementor-gallery-item__image\" data-thumbnail=\"https:\/\/sebastienparmentelot.com\/wp-content\/uploads\/2025\/12\/Appartement-Beaulieu-Sebastien-Parmentelot-1.avif\" data-width=\"2048\" data-height=\"1365\" alt=\"\" ><\/div>\n\t\t\t\t\t\t\t\t\t\t\t\t\t\t<\/a>\n\t\t\t\t\t\t\t<a class=\"e-gallery-item elementor-gallery-item elementor-animated-content\" href=\"https:\/\/sebastienparmentelot.com\/wp-content\/uploads\/2025\/12\/Appartement-Beaulieu-Sebastien-Parmentelot-9.avif\" data-elementor-open-lightbox=\"yes\" data-elementor-lightbox-slideshow=\"all-4e319194\" data-elementor-lightbox-title=\"Appartement Beaulieu-S\u00e9bastien-Parmentelot-9\" data-e-action-hash=\"#elementor-action%3Aaction%3Dlightbox%26settings%3DeyJpZCI6MTM2MzksInVybCI6Imh0dHBzOlwvXC9zZWJhc3RpZW5wYXJtZW50ZWxvdC5jb21cL3dwLWNvbnRlbnRcL3VwbG9hZHNcLzIwMjVcLzEyXC9BcHBhcnRlbWVudC1CZWF1bGlldS1TZWJhc3RpZW4tUGFybWVudGVsb3QtOS5hdmlmIiwic2xpZGVzaG93IjoiYWxsLTRlMzE5MTk0In0%3D\" data-lbwps-width=\"1365\" data-lbwps-height=\"2048\" data-lbwps-srcsmall=\"https:\/\/sebastienparmentelot.com\/wp-content\/uploads\/2025\/12\/Appartement-Beaulieu-Sebastien-Parmentelot-9-8x12.avif\">\n\t\t\t\t\t<div class=\"e-gallery-image elementor-gallery-item__image\" data-thumbnail=\"https:\/\/sebastienparmentelot.com\/wp-content\/uploads\/2025\/12\/Appartement-Beaulieu-Sebastien-Parmentelot-9.avif\" data-width=\"1365\" data-height=\"2048\" alt=\"\" ><\/div>\n\t\t\t\t\t\t\t\t\t\t\t\t\t\t<\/a>\n\t\t\t\t\t\t\t<a class=\"e-gallery-item elementor-gallery-item elementor-animated-content\" href=\"https:\/\/sebastienparmentelot.com\/wp-content\/uploads\/2025\/12\/Appartement-Beaulieu-Sebastien-Parmentelot-7.avif\" data-elementor-open-lightbox=\"yes\" data-elementor-lightbox-slideshow=\"all-4e319194\" data-elementor-lightbox-title=\"Appartement Beaulieu-S\u00e9bastien-Parmentelot-7\" data-e-action-hash=\"#elementor-action%3Aaction%3Dlightbox%26settings%3DeyJpZCI6MTM2MzcsInVybCI6Imh0dHBzOlwvXC9zZWJhc3RpZW5wYXJtZW50ZWxvdC5jb21cL3dwLWNvbnRlbnRcL3VwbG9hZHNcLzIwMjVcLzEyXC9BcHBhcnRlbWVudC1CZWF1bGlldS1TZWJhc3RpZW4tUGFybWVudGVsb3QtNy5hdmlmIiwic2xpZGVzaG93IjoiYWxsLTRlMzE5MTk0In0%3D\" data-lbwps-width=\"2048\" data-lbwps-height=\"1365\" data-lbwps-srcsmall=\"https:\/\/sebastienparmentelot.com\/wp-content\/uploads\/2025\/12\/Appartement-Beaulieu-Sebastien-Parmentelot-7-18x12.avif\">\n\t\t\t\t\t<div class=\"e-gallery-image elementor-gallery-item__image\" data-thumbnail=\"https:\/\/sebastienparmentelot.com\/wp-content\/uploads\/2025\/12\/Appartement-Beaulieu-Sebastien-Parmentelot-7.avif\" data-width=\"2048\" data-height=\"1365\" alt=\"\" ><\/div>\n\t\t\t\t\t\t\t\t\t\t\t\t\t\t<\/a>\n\t\t\t\t\t\t\t<a class=\"e-gallery-item elementor-gallery-item elementor-animated-content\" href=\"https:\/\/sebastienparmentelot.com\/wp-content\/uploads\/2025\/12\/Appartement-Beaulieu-Sebastien-Parmentelot-6.avif\" data-elementor-open-lightbox=\"yes\" data-elementor-lightbox-slideshow=\"all-4e319194\" data-elementor-lightbox-title=\"Appartement Beaulieu-S\u00e9bastien-Parmentelot-6\" data-e-action-hash=\"#elementor-action%3Aaction%3Dlightbox%26settings%3DeyJpZCI6MTM2MzYsInVybCI6Imh0dHBzOlwvXC9zZWJhc3RpZW5wYXJtZW50ZWxvdC5jb21cL3dwLWNvbnRlbnRcL3VwbG9hZHNcLzIwMjVcLzEyXC9BcHBhcnRlbWVudC1CZWF1bGlldS1TZWJhc3RpZW4tUGFybWVudGVsb3QtNi5hdmlmIiwic2xpZGVzaG93IjoiYWxsLTRlMzE5MTk0In0%3D\" data-lbwps-width=\"1365\" data-lbwps-height=\"2048\" data-lbwps-srcsmall=\"https:\/\/sebastienparmentelot.com\/wp-content\/uploads\/2025\/12\/Appartement-Beaulieu-Sebastien-Parmentelot-6-8x12.avif\">\n\t\t\t\t\t<div class=\"e-gallery-image elementor-gallery-item__image\" data-thumbnail=\"https:\/\/sebastienparmentelot.com\/wp-content\/uploads\/2025\/12\/Appartement-Beaulieu-Sebastien-Parmentelot-6.avif\" data-width=\"1365\" data-height=\"2048\" alt=\"\" ><\/div>\n\t\t\t\t\t\t\t\t\t\t\t\t\t\t<\/a>\n\t\t\t\t\t\t\t<a class=\"e-gallery-item elementor-gallery-item elementor-animated-content\" href=\"https:\/\/sebastienparmentelot.com\/wp-content\/uploads\/2025\/12\/Appartement-Beaulieu-Sebastien-Parmentelot-8.avif\" data-elementor-open-lightbox=\"yes\" data-elementor-lightbox-slideshow=\"all-4e319194\" data-elementor-lightbox-title=\"Appartement Beaulieu-S\u00e9bastien-Parmentelot-8\" data-e-action-hash=\"#elementor-action%3Aaction%3Dlightbox%26settings%3DeyJpZCI6MTM2MzgsInVybCI6Imh0dHBzOlwvXC9zZWJhc3RpZW5wYXJtZW50ZWxvdC5jb21cL3dwLWNvbnRlbnRcL3VwbG9hZHNcLzIwMjVcLzEyXC9BcHBhcnRlbWVudC1CZWF1bGlldS1TZWJhc3RpZW4tUGFybWVudGVsb3QtOC5hdmlmIiwic2xpZGVzaG93IjoiYWxsLTRlMzE5MTk0In0%3D\" data-lbwps-width=\"1365\" data-lbwps-height=\"2048\" data-lbwps-srcsmall=\"https:\/\/sebastienparmentelot.com\/wp-content\/uploads\/2025\/12\/Appartement-Beaulieu-Sebastien-Parmentelot-8-8x12.avif\">\n\t\t\t\t\t<div class=\"e-gallery-image elementor-gallery-item__image\" data-thumbnail=\"https:\/\/sebastienparmentelot.com\/wp-content\/uploads\/2025\/12\/Appartement-Beaulieu-Sebastien-Parmentelot-8.avif\" data-width=\"1365\" data-height=\"2048\" alt=\"\" ><\/div>\n\t\t\t\t\t\t\t\t\t\t\t\t\t\t<\/a>\n\t\t\t\t\t\t\t<a class=\"e-gallery-item elementor-gallery-item elementor-animated-content\" href=\"https:\/\/sebastienparmentelot.com\/wp-content\/uploads\/2025\/12\/Appartement-Beaulieu-Sebastien-Parmentelot-10.avif\" data-elementor-open-lightbox=\"yes\" data-elementor-lightbox-slideshow=\"all-4e319194\" data-elementor-lightbox-title=\"Appartement Beaulieu-S\u00e9bastien-Parmentelot-10\" data-e-action-hash=\"#elementor-action%3Aaction%3Dlightbox%26settings%3DeyJpZCI6MTM2NDAsInVybCI6Imh0dHBzOlwvXC9zZWJhc3RpZW5wYXJtZW50ZWxvdC5jb21cL3dwLWNvbnRlbnRcL3VwbG9hZHNcLzIwMjVcLzEyXC9BcHBhcnRlbWVudC1CZWF1bGlldS1TZWJhc3RpZW4tUGFybWVudGVsb3QtMTAuYXZpZiIsInNsaWRlc2hvdyI6ImFsbC00ZTMxOTE5NCJ9\" data-lbwps-width=\"1365\" data-lbwps-height=\"2048\" data-lbwps-srcsmall=\"https:\/\/sebastienparmentelot.com\/wp-content\/uploads\/2025\/12\/Appartement-Beaulieu-Sebastien-Parmentelot-10-8x12.avif\">\n\t\t\t\t\t<div class=\"e-gallery-image elementor-gallery-item__image\" data-thumbnail=\"https:\/\/sebastienparmentelot.com\/wp-content\/uploads\/2025\/12\/Appartement-Beaulieu-Sebastien-Parmentelot-10.avif\" data-width=\"1365\" data-height=\"2048\" alt=\"\" ><\/div>\n\t\t\t\t\t\t\t\t\t\t\t\t\t\t<\/a>\n\t\t\t\t\t<\/div>\n\t\t\t\t\t<\/div>\n\t\t\t\t<\/div>\n\t\t\t\t\t<\/div>\n\t\t<\/div>\n\t\t\t\t\t<\/div>\n\t\t<\/section>\n\t\t\t\t<section class=\"elementor-section elementor-top-section elementor-element elementor-element-3c09cde4 elementor-section-boxed elementor-section-height-default elementor-section-height-default exad-glass-effect-no exad-sticky-section-no\" data-id=\"3c09cde4\" data-element_type=\"section\" data-e-type=\"section\">\n\t\t\t\t\t\t<div class=\"elementor-container elementor-column-gap-default\">\n\t\t\t\t\t<div class=\"elementor-column elementor-col-100 elementor-top-column elementor-element elementor-element-45540e1a exad-glass-effect-no exad-sticky-section-no\" data-id=\"45540e1a\" data-element_type=\"column\" data-e-type=\"column\">\n\t\t\t<div class=\"elementor-widget-wrap elementor-element-populated\">\n\t\t\t\t\t\t<div class=\"elementor-element elementor-element-6e66e1b4 exad-sticky-section-no exad-glass-effect-no elementor-widget elementor-widget-gallery\" data-id=\"6e66e1b4\" data-element_type=\"widget\" data-e-type=\"widget\" data-settings=\"{&quot;columns&quot;:2,&quot;gap&quot;:{&quot;unit&quot;:&quot;px&quot;,&quot;size&quot;:30,&quot;sizes&quot;:[]},&quot;gallery_layout&quot;:&quot;masonry&quot;,&quot;lazyload&quot;:&quot;yes&quot;,&quot;columns_tablet&quot;:2,&quot;columns_mobile&quot;:1,&quot;gap_tablet_extra&quot;:{&quot;unit&quot;:&quot;px&quot;,&quot;size&quot;:10,&quot;sizes&quot;:[]},&quot;gap_tablet&quot;:{&quot;unit&quot;:&quot;px&quot;,&quot;size&quot;:10,&quot;sizes&quot;:[]},&quot;gap_mobile_extra&quot;:{&quot;unit&quot;:&quot;px&quot;,&quot;size&quot;:10,&quot;sizes&quot;:[]},&quot;gap_mobile&quot;:{&quot;unit&quot;:&quot;px&quot;,&quot;size&quot;:10,&quot;sizes&quot;:[]},&quot;link_to&quot;:&quot;file&quot;,&quot;content_hover_animation&quot;:&quot;fade-in&quot;}\" data-widget_type=\"gallery.default\">\n\t\t\t\t<div class=\"elementor-widget-container\">\n\t\t\t\t\t\t\t<div class=\"elementor-gallery__container\">\n\t\t\t\t\t<\/div>\n\t\t\t\t\t<\/div>\n\t\t\t\t<\/div>\n\t\t\t\t\t<\/div>\n\t\t<\/div>\n\t\t\t\t\t<\/div>\n\t\t<\/section>\n\t\t\t\t<section class=\"elementor-section elementor-top-section elementor-element elementor-element-1eca584a elementor-section-boxed elementor-section-height-default elementor-section-height-default exad-glass-effect-no exad-sticky-section-no\" data-id=\"1eca584a\" data-element_type=\"section\" data-e-type=\"section\">\n\t\t\t\t\t\t<div class=\"elementor-container elementor-column-gap-default\">\n\t\t\t\t\t<div class=\"elementor-column elementor-col-100 elementor-top-column elementor-element elementor-element-3ac556eb exad-glass-effect-no exad-sticky-section-no\" data-id=\"3ac556eb\" data-element_type=\"column\" data-e-type=\"column\">\n\t\t\t<div class=\"elementor-widget-wrap elementor-element-populated\">\n\t\t\t\t\t\t<div class=\"elementor-element elementor-element-4a9d7563 exad-sticky-section-no exad-glass-effect-no elementor-widget elementor-widget-heading\" data-id=\"4a9d7563\" data-element_type=\"widget\" data-e-type=\"widget\" data-widget_type=\"heading.default\">\n\t\t\t\t<div class=\"elementor-widget-container\">\n\t\t\t\t\t<p class=\"elementor-heading-title elementor-size-default\">Are you looking for an architectural photographer in <b>Beaulieu sur Mer<\/b>, in the Var or the Alpes-Maritimes ?\n<br><br> <a href=\"https:\/\/sebastienparmentelot.com\/en\/contact-photographer-antibes\/\" style=\"white-space: normal\"><u>Contact S\u00e9bastien Parmentelot<\/u><\/a>  to reveal and enhance the different spaces of your project, whether it is a villa, a Proven\u00e7al house or an apartment.\n<\/p>\t\t\t\t<\/div>\n\t\t\t\t<\/div>\n\t\t\t\t\t<\/div>\n\t\t<\/div>\n\t\t\t\t\t<\/div>\n\t\t<\/section>\n\t\t\t\t<\/div>","protected":false},"excerpt":{"rendered":"<p>LE JOFFRE BEAULIEU Le Joffre est un projet de r\u00e9novation partielle \u00e0 Beaulieu sur Mer r\u00e9alis\u00e9 par l&rsquo;agence d&rsquo;architecture Ambiance Beaulieu. Architecte : Ambiance Beaulieu Type de projet : Architecture d&rsquo;int\u00e9rieur Service : Photographie Vous recherchez un photographe d&rsquo;architecture \u00e0 Beaulieu sur Mer, dans le Var ou les Alpes-Maritimes ? Contactez S\u00e9bastien Parmentelot pour r\u00e9v\u00e9ler [&hellip;]<\/p>\n","protected":false},"author":1,"featured_media":13635,"parent":0,"menu_order":0,"comment_status":"closed","ping_status":"closed","template":"elementor_header_footer","meta":{"footnotes":""},"class_list":["post-13650","page","type-page","status-publish","has-post-thumbnail","hentry"],"_links":{"self":[{"href":"https:\/\/sebastienparmentelot.com\/en\/wp-json\/wp\/v2\/pages\/13650","targetHints":{"allow":["GET"]}}],"collection":[{"href":"https:\/\/sebastienparmentelot.com\/en\/wp-json\/wp\/v2\/pages"}],"about":[{"href":"https:\/\/sebastienparmentelot.com\/en\/wp-json\/wp\/v2\/types\/page"}],"author":[{"embeddable":true,"href":"https:\/\/sebastienparmentelot.com\/en\/wp-json\/wp\/v2\/users\/1"}],"replies":[{"embeddable":true,"href":"https:\/\/sebastienparmentelot.com\/en\/wp-json\/wp\/v2\/comments?post=13650"}],"version-history":[{"count":71,"href":"https:\/\/sebastienparmentelot.com\/en\/wp-json\/wp\/v2\/pages\/13650\/revisions"}],"predecessor-version":[{"id":13875,"href":"https:\/\/sebastienparmentelot.com\/en\/wp-json\/wp\/v2\/pages\/13650\/revisions\/13875"}],"wp:featuredmedia":[{"embeddable":true,"href":"https:\/\/sebastienparmentelot.com\/en\/wp-json\/wp\/v2\/media\/13635"}],"wp:attachment":[{"href":"https:\/\/sebastienparmentelot.com\/en\/wp-json\/wp\/v2\/media?parent=13650"}],"curies":[{"name":"wp","href":"https:\/\/api.w.org\/{rel}","templated":true}]}}