{"id":565,"date":"2022-02-06T01:08:15","date_gmt":"2022-02-06T01:08:15","guid":{"rendered":"http:\/\/sebastienparmentelot.com\/?page_id=565"},"modified":"2023-03-06T22:52:30","modified_gmt":"2023-03-06T22:52:30","slug":"photographe-yacht-monaco-cannes-antibes","status":"publish","type":"page","link":"https:\/\/sebastienparmentelot.com\/en\/yacht-photographer-monaco-cannes-antibes\/","title":{"rendered":"Yacht Photographer"},"content":{"rendered":"<div data-elementor-type=\"wp-page\" data-elementor-id=\"565\" class=\"elementor elementor-565\">\n\t\t\t\t\t\t<section class=\"elementor-section elementor-top-section elementor-element elementor-element-454195fa elementor-section-boxed elementor-section-height-default elementor-section-height-default exad-glass-effect-no exad-sticky-section-no\" data-id=\"454195fa\" data-element_type=\"section\" data-e-type=\"section\">\n\t\t\t\t\t\t<div class=\"elementor-container elementor-column-gap-default\">\n\t\t\t\t\t<div class=\"elementor-column elementor-col-100 elementor-top-column elementor-element elementor-element-74ebd957 exad-glass-effect-no exad-sticky-section-no\" data-id=\"74ebd957\" data-element_type=\"column\" data-e-type=\"column\">\n\t\t\t<div class=\"elementor-widget-wrap elementor-element-populated\">\n\t\t\t\t\t\t<div class=\"elementor-element elementor-element-4a14a5fd exad-sticky-section-no exad-glass-effect-no elementor-invisible elementor-widget elementor-widget-heading\" data-id=\"4a14a5fd\" data-element_type=\"widget\" data-e-type=\"widget\" data-settings=\"{&quot;_animation&quot;:&quot;fadeInUp&quot;}\" data-widget_type=\"heading.default\">\n\t\t\t\t<div class=\"elementor-widget-container\">\n\t\t\t\t\t<h1 class=\"elementor-heading-title elementor-size-default\">PHOTOGRAPHER <span>YACHT<\/span><\/h1>\t\t\t\t<\/div>\n\t\t\t\t<\/div>\n\t\t\t\t<div class=\"elementor-element elementor-element-3ac58c91 exad-sticky-section-no exad-glass-effect-no elementor-widget elementor-widget-heading\" data-id=\"3ac58c91\" data-element_type=\"widget\" data-e-type=\"widget\" data-widget_type=\"heading.default\">\n\t\t\t\t<div class=\"elementor-widget-container\">\n\t\t\t\t\t<p class=\"elementor-heading-title elementor-size-default\">Yacht photographer (motor yacht or sailing yacht) based in Antibes, I travel from Saint-Tropez to Monaco via Nice, Cannes, Golfe Juan and all over the French Riviera.\n<br><br>\nThe yachting industry implies a particular knowledge of the luxury sector and its clientele, where the image and every detail are important.\n<br><br>\nTo meet these needs, I produce high-end images with particular care taken during shooting and post-production.\n<br><br>\nDepending on your needs, I produce photo \/ video reports on the ground or aerial of all your projects.<\/p>\t\t\t\t<\/div>\n\t\t\t\t<\/div>\n\t\t\t\t\t<\/div>\n\t\t<\/div>\n\t\t\t\t\t<\/div>\n\t\t<\/section>\n\t\t\t\t<section class=\"elementor-section elementor-top-section elementor-element elementor-element-5c045f2e elementor-section-full_width elementor-section-height-default elementor-section-height-default exad-glass-effect-no exad-sticky-section-no\" data-id=\"5c045f2e\" data-element_type=\"section\" data-e-type=\"section\">\n\t\t\t\t\t\t<div class=\"elementor-container elementor-column-gap-default\">\n\t\t\t\t\t<div class=\"elementor-column elementor-col-100 elementor-top-column elementor-element elementor-element-51729f69 exad-glass-effect-no exad-sticky-section-no\" data-id=\"51729f69\" data-element_type=\"column\" data-e-type=\"column\">\n\t\t\t<div class=\"elementor-widget-wrap elementor-element-populated\">\n\t\t\t\t\t\t<div class=\"elementor-element elementor-element-2ce218aa exad-sticky-section-no exad-glass-effect-no elementor-widget elementor-widget-gallery\" data-id=\"2ce218aa\" data-element_type=\"widget\" data-e-type=\"widget\" data-settings=\"{&quot;gallery_layout&quot;:&quot;justified&quot;,&quot;ideal_row_height&quot;:{&quot;unit&quot;:&quot;px&quot;,&quot;size&quot;:300,&quot;sizes&quot;:[]},&quot;gap&quot;:{&quot;unit&quot;:&quot;px&quot;,&quot;size&quot;:20,&quot;sizes&quot;:[]},&quot;lazyload&quot;:&quot;yes&quot;,&quot;ideal_row_height_tablet_extra&quot;:{&quot;unit&quot;:&quot;px&quot;,&quot;size&quot;:150,&quot;sizes&quot;:[]},&quot;ideal_row_height_tablet&quot;:{&quot;unit&quot;:&quot;px&quot;,&quot;size&quot;:150,&quot;sizes&quot;:[]},&quot;ideal_row_height_mobile_extra&quot;:{&quot;unit&quot;:&quot;px&quot;,&quot;size&quot;:150,&quot;sizes&quot;:[]},&quot;ideal_row_height_mobile&quot;:{&quot;unit&quot;:&quot;px&quot;,&quot;size&quot;:150,&quot;sizes&quot;:[]},&quot;gap_tablet_extra&quot;:{&quot;unit&quot;:&quot;px&quot;,&quot;size&quot;:10,&quot;sizes&quot;:[]},&quot;gap_tablet&quot;:{&quot;unit&quot;:&quot;px&quot;,&quot;size&quot;:10,&quot;sizes&quot;:[]},&quot;gap_mobile_extra&quot;:{&quot;unit&quot;:&quot;px&quot;,&quot;size&quot;:10,&quot;sizes&quot;:[]},&quot;gap_mobile&quot;:{&quot;unit&quot;:&quot;px&quot;,&quot;size&quot;:10,&quot;sizes&quot;:[]},&quot;link_to&quot;:&quot;file&quot;,&quot;content_hover_animation&quot;:&quot;fade-in&quot;}\" data-widget_type=\"gallery.default\">\n\t\t\t\t<div class=\"elementor-widget-container\">\n\t\t\t\t\t\t\t<div class=\"elementor-gallery__container\">\n\t\t\t\t\t\t\t<a class=\"e-gallery-item elementor-gallery-item elementor-animated-content\" href=\"https:\/\/sebastienparmentelot.com\/wp-content\/uploads\/2022\/02\/Yacht-23.jpg\" data-elementor-open-lightbox=\"yes\" data-elementor-lightbox-slideshow=\"all-2ce218aa\" data-elementor-lightbox-title=\"Yacht 23 scaled\" data-elementor-lightbox-description=\"Yacht 23 scaled\" data-e-action-hash=\"#elementor-action%3Aaction%3Dlightbox%26settings%3DeyJpZCI6NTMzLCJ1cmwiOiJodHRwczpcL1wvc2ViYXN0aWVucGFybWVudGVsb3QuY29tXC93cC1jb250ZW50XC91cGxvYWRzXC8yMDIyXC8wMlwvWWFjaHQtMjMtc2NhbGVkLmpwZyIsInNsaWRlc2hvdyI6ImFsbC0yY2UyMThhYSJ9\" data-lbwps-width=\"3000\" data-lbwps-height=\"1999\" data-lbwps-srcsmall=\"https:\/\/sebastienparmentelot.com\/wp-content\/uploads\/2022\/02\/Yacht-23.jpg\" data-lbwps-caption=\"Yacht 23 scaled\">\n\t\t\t\t\t<div class=\"e-gallery-image elementor-gallery-item__image\" data-thumbnail=\"https:\/\/sebastienparmentelot.com\/wp-content\/uploads\/2022\/02\/Yacht-23-1536x1023.jpg\" data-width=\"1536\" data-height=\"1023\" alt=\"Yacht 23 scaled\" ><\/div>\n\t\t\t\t\t\t\t\t\t\t\t\t\t\t<\/a>\n\t\t\t\t\t\t\t<a class=\"e-gallery-item elementor-gallery-item elementor-animated-content\" href=\"https:\/\/sebastienparmentelot.com\/wp-content\/uploads\/2022\/02\/Yacht-22.jpg\" data-elementor-open-lightbox=\"yes\" data-elementor-lightbox-slideshow=\"all-2ce218aa\" data-elementor-lightbox-title=\"Yacht 22 scaled\" data-elementor-lightbox-description=\"Yacht 22 scaled\" data-e-action-hash=\"#elementor-action%3Aaction%3Dlightbox%26settings%3DeyJpZCI6NTMyLCJ1cmwiOiJodHRwczpcL1wvc2ViYXN0aWVucGFybWVudGVsb3QuY29tXC93cC1jb250ZW50XC91cGxvYWRzXC8yMDIyXC8wMlwvWWFjaHQtMjItc2NhbGVkLmpwZyIsInNsaWRlc2hvdyI6ImFsbC0yY2UyMThhYSJ9\" data-lbwps-width=\"3000\" data-lbwps-height=\"1999\" data-lbwps-srcsmall=\"https:\/\/sebastienparmentelot.com\/wp-content\/uploads\/2022\/02\/Yacht-22.jpg\" data-lbwps-caption=\"Yacht 22 scaled\">\n\t\t\t\t\t<div class=\"e-gallery-image elementor-gallery-item__image\" data-thumbnail=\"https:\/\/sebastienparmentelot.com\/wp-content\/uploads\/2022\/02\/Yacht-22-1536x1023.jpg\" data-width=\"1536\" data-height=\"1023\" alt=\"Yacht 22 scaled\" ><\/div>\n\t\t\t\t\t\t\t\t\t\t\t\t\t\t<\/a>\n\t\t\t\t\t\t\t<a class=\"e-gallery-item elementor-gallery-item elementor-animated-content\" href=\"https:\/\/sebastienparmentelot.com\/wp-content\/uploads\/2022\/02\/Yacht-21.jpg\" data-elementor-open-lightbox=\"yes\" data-elementor-lightbox-slideshow=\"all-2ce218aa\" data-elementor-lightbox-title=\"Yacht 21 scaled\" data-elementor-lightbox-description=\"Yacht 21 scaled\" data-e-action-hash=\"#elementor-action%3Aaction%3Dlightbox%26settings%3DeyJpZCI6NTI4LCJ1cmwiOiJodHRwczpcL1wvc2ViYXN0aWVucGFybWVudGVsb3QuY29tXC93cC1jb250ZW50XC91cGxvYWRzXC8yMDIyXC8wMlwvWWFjaHQtMjEtc2NhbGVkLmpwZyIsInNsaWRlc2hvdyI6ImFsbC0yY2UyMThhYSJ9\" data-lbwps-width=\"3000\" data-lbwps-height=\"1998\" data-lbwps-srcsmall=\"https:\/\/sebastienparmentelot.com\/wp-content\/uploads\/2022\/02\/Yacht-21.jpg\" data-lbwps-caption=\"Yacht 21 scaled\">\n\t\t\t\t\t<div class=\"e-gallery-image elementor-gallery-item__image\" data-thumbnail=\"https:\/\/sebastienparmentelot.com\/wp-content\/uploads\/2022\/02\/Yacht-21-1536x1023.jpg\" data-width=\"1536\" data-height=\"1023\" alt=\"Photographe yacht\" ><\/div>\n\t\t\t\t\t\t\t\t\t\t\t\t\t\t<\/a>\n\t\t\t\t\t\t\t<a class=\"e-gallery-item elementor-gallery-item elementor-animated-content\" href=\"https:\/\/sebastienparmentelot.com\/wp-content\/uploads\/2022\/02\/Yacht-20.jpg\" data-elementor-open-lightbox=\"yes\" data-elementor-lightbox-slideshow=\"all-2ce218aa\" data-elementor-lightbox-title=\"Yacht 20 scaled\" data-elementor-lightbox-description=\"Yacht 20 scaled\" data-e-action-hash=\"#elementor-action%3Aaction%3Dlightbox%26settings%3DeyJpZCI6NTI0LCJ1cmwiOiJodHRwczpcL1wvc2ViYXN0aWVucGFybWVudGVsb3QuY29tXC93cC1jb250ZW50XC91cGxvYWRzXC8yMDIyXC8wMlwvWWFjaHQtMjAtc2NhbGVkLmpwZyIsInNsaWRlc2hvdyI6ImFsbC0yY2UyMThhYSJ9\" data-lbwps-width=\"1999\" data-lbwps-height=\"3000\" data-lbwps-srcsmall=\"https:\/\/sebastienparmentelot.com\/wp-content\/uploads\/2022\/02\/Yacht-20.jpg\" data-lbwps-caption=\"Yacht 20 scaled\">\n\t\t\t\t\t<div class=\"e-gallery-image elementor-gallery-item__image\" data-thumbnail=\"https:\/\/sebastienparmentelot.com\/wp-content\/uploads\/2022\/02\/Yacht-20-1023x1536.jpg\" data-width=\"1023\" data-height=\"1536\" alt=\"Yacht 20 scaled\" ><\/div>\n\t\t\t\t\t\t\t\t\t\t\t\t\t\t<\/a>\n\t\t\t\t\t\t\t<a class=\"e-gallery-item elementor-gallery-item elementor-animated-content\" href=\"https:\/\/sebastienparmentelot.com\/wp-content\/uploads\/2022\/02\/Yacht-19.jpg\" data-elementor-open-lightbox=\"yes\" data-elementor-lightbox-slideshow=\"all-2ce218aa\" data-elementor-lightbox-title=\"Yacht 19 scaled\" data-elementor-lightbox-description=\"Yacht 19 scaled\" data-e-action-hash=\"#elementor-action%3Aaction%3Dlightbox%26settings%3DeyJpZCI6NTIyLCJ1cmwiOiJodHRwczpcL1wvc2ViYXN0aWVucGFybWVudGVsb3QuY29tXC93cC1jb250ZW50XC91cGxvYWRzXC8yMDIyXC8wMlwvWWFjaHQtMTktc2NhbGVkLmpwZyIsInNsaWRlc2hvdyI6ImFsbC0yY2UyMThhYSJ9\" data-lbwps-width=\"3000\" data-lbwps-height=\"1999\" data-lbwps-srcsmall=\"https:\/\/sebastienparmentelot.com\/wp-content\/uploads\/2022\/02\/Yacht-19.jpg\" data-lbwps-caption=\"Yacht 19 scaled\">\n\t\t\t\t\t<div class=\"e-gallery-image elementor-gallery-item__image\" data-thumbnail=\"https:\/\/sebastienparmentelot.com\/wp-content\/uploads\/2022\/02\/Yacht-19-1536x1023.jpg\" data-width=\"1536\" data-height=\"1023\" alt=\"Yacht 19 scaled\" ><\/div>\n\t\t\t\t\t\t\t\t\t\t\t\t\t\t<\/a>\n\t\t\t\t\t\t\t<a class=\"e-gallery-item elementor-gallery-item elementor-animated-content\" href=\"https:\/\/sebastienparmentelot.com\/wp-content\/uploads\/2022\/02\/Yacht-18.jpg\" data-elementor-open-lightbox=\"yes\" data-elementor-lightbox-slideshow=\"all-2ce218aa\" data-elementor-lightbox-title=\"Yacht 18 scaled\" data-elementor-lightbox-description=\"Yacht 18 scaled\" data-e-action-hash=\"#elementor-action%3Aaction%3Dlightbox%26settings%3DeyJpZCI6NTE4LCJ1cmwiOiJodHRwczpcL1wvc2ViYXN0aWVucGFybWVudGVsb3QuY29tXC93cC1jb250ZW50XC91cGxvYWRzXC8yMDIyXC8wMlwvWWFjaHQtMTgtc2NhbGVkLmpwZyIsInNsaWRlc2hvdyI6ImFsbC0yY2UyMThhYSJ9\" data-lbwps-width=\"2000\" data-lbwps-height=\"3000\" data-lbwps-srcsmall=\"https:\/\/sebastienparmentelot.com\/wp-content\/uploads\/2022\/02\/Yacht-18.jpg\" data-lbwps-caption=\"Yacht 18 scaled\">\n\t\t\t\t\t<div class=\"e-gallery-image elementor-gallery-item__image\" data-thumbnail=\"https:\/\/sebastienparmentelot.com\/wp-content\/uploads\/2022\/02\/Yacht-18-1024x1536.jpg\" data-width=\"1024\" data-height=\"1536\" alt=\"Yacht 18 scaled\" ><\/div>\n\t\t\t\t\t\t\t\t\t\t\t\t\t\t<\/a>\n\t\t\t\t\t\t\t<a class=\"e-gallery-item elementor-gallery-item elementor-animated-content\" href=\"https:\/\/sebastienparmentelot.com\/wp-content\/uploads\/2022\/02\/Yacht-17.jpg\" data-elementor-open-lightbox=\"yes\" data-elementor-lightbox-slideshow=\"all-2ce218aa\" data-elementor-lightbox-title=\"Yacht 17 scaled\" data-elementor-lightbox-description=\"Yacht 17 scaled\" data-e-action-hash=\"#elementor-action%3Aaction%3Dlightbox%26settings%3DeyJpZCI6NTE3LCJ1cmwiOiJodHRwczpcL1wvc2ViYXN0aWVucGFybWVudGVsb3QuY29tXC93cC1jb250ZW50XC91cGxvYWRzXC8yMDIyXC8wMlwvWWFjaHQtMTctc2NhbGVkLmpwZyIsInNsaWRlc2hvdyI6ImFsbC0yY2UyMThhYSJ9\" data-lbwps-width=\"3000\" data-lbwps-height=\"2000\" data-lbwps-srcsmall=\"https:\/\/sebastienparmentelot.com\/wp-content\/uploads\/2022\/02\/Yacht-17.jpg\" data-lbwps-caption=\"Yacht 17 scaled\">\n\t\t\t\t\t<div class=\"e-gallery-image elementor-gallery-item__image\" data-thumbnail=\"https:\/\/sebastienparmentelot.com\/wp-content\/uploads\/2022\/02\/Yacht-17-1536x1024.jpg\" data-width=\"1536\" data-height=\"1024\" alt=\"Yacht 17 scaled\" ><\/div>\n\t\t\t\t\t\t\t\t\t\t\t\t\t\t<\/a>\n\t\t\t\t\t\t\t<a class=\"e-gallery-item elementor-gallery-item elementor-animated-content\" href=\"https:\/\/sebastienparmentelot.com\/wp-content\/uploads\/2022\/02\/Yacht-16.jpg\" data-elementor-open-lightbox=\"yes\" data-elementor-lightbox-slideshow=\"all-2ce218aa\" data-elementor-lightbox-title=\"Yacht 16 scaled\" data-elementor-lightbox-description=\"Yacht 16 scaled\" data-e-action-hash=\"#elementor-action%3Aaction%3Dlightbox%26settings%3DeyJpZCI6NTE2LCJ1cmwiOiJodHRwczpcL1wvc2ViYXN0aWVucGFybWVudGVsb3QuY29tXC93cC1jb250ZW50XC91cGxvYWRzXC8yMDIyXC8wMlwvWWFjaHQtMTYtc2NhbGVkLmpwZyIsInNsaWRlc2hvdyI6ImFsbC0yY2UyMThhYSJ9\" data-lbwps-width=\"3000\" data-lbwps-height=\"1999\" data-lbwps-srcsmall=\"https:\/\/sebastienparmentelot.com\/wp-content\/uploads\/2022\/02\/Yacht-16.jpg\" data-lbwps-caption=\"Yacht 16 scaled\">\n\t\t\t\t\t<div class=\"e-gallery-image elementor-gallery-item__image\" data-thumbnail=\"https:\/\/sebastienparmentelot.com\/wp-content\/uploads\/2022\/02\/Yacht-16-1536x1023.jpg\" data-width=\"1536\" data-height=\"1023\" alt=\"Yacht 16 scaled\" ><\/div>\n\t\t\t\t\t\t\t\t\t\t\t\t\t\t<\/a>\n\t\t\t\t\t\t\t<a class=\"e-gallery-item elementor-gallery-item elementor-animated-content\" href=\"https:\/\/sebastienparmentelot.com\/wp-content\/uploads\/2022\/02\/Yacht-12.jpg\" data-elementor-open-lightbox=\"yes\" data-elementor-lightbox-slideshow=\"all-2ce218aa\" data-elementor-lightbox-title=\"Yacht 12 scaled\" data-elementor-lightbox-description=\"Yacht 12 scaled\" data-e-action-hash=\"#elementor-action%3Aaction%3Dlightbox%26settings%3DeyJpZCI6NTEyLCJ1cmwiOiJodHRwczpcL1wvc2ViYXN0aWVucGFybWVudGVsb3QuY29tXC93cC1jb250ZW50XC91cGxvYWRzXC8yMDIyXC8wMlwvWWFjaHQtMTItc2NhbGVkLmpwZyIsInNsaWRlc2hvdyI6ImFsbC0yY2UyMThhYSJ9\" data-lbwps-width=\"3000\" data-lbwps-height=\"2000\" data-lbwps-srcsmall=\"https:\/\/sebastienparmentelot.com\/wp-content\/uploads\/2022\/02\/Yacht-12.jpg\" data-lbwps-caption=\"Yacht 12 scaled\">\n\t\t\t\t\t<div class=\"e-gallery-image elementor-gallery-item__image\" data-thumbnail=\"https:\/\/sebastienparmentelot.com\/wp-content\/uploads\/2022\/02\/Yacht-12-1536x1024.jpg\" data-width=\"1536\" data-height=\"1024\" alt=\"Yacht 12 scaled\" ><\/div>\n\t\t\t\t\t\t\t\t\t\t\t\t\t\t<\/a>\n\t\t\t\t\t\t\t<a class=\"e-gallery-item elementor-gallery-item elementor-animated-content\" href=\"https:\/\/sebastienparmentelot.com\/wp-content\/uploads\/2022\/02\/Yacht-11.jpg\" data-elementor-open-lightbox=\"yes\" data-elementor-lightbox-slideshow=\"all-2ce218aa\" data-elementor-lightbox-title=\"Yacht 11 scaled\" data-elementor-lightbox-description=\"Yacht 11 scaled\" data-e-action-hash=\"#elementor-action%3Aaction%3Dlightbox%26settings%3DeyJpZCI6NTExLCJ1cmwiOiJodHRwczpcL1wvc2ViYXN0aWVucGFybWVudGVsb3QuY29tXC93cC1jb250ZW50XC91cGxvYWRzXC8yMDIyXC8wMlwvWWFjaHQtMTEtc2NhbGVkLmpwZyIsInNsaWRlc2hvdyI6ImFsbC0yY2UyMThhYSJ9\" data-lbwps-width=\"3000\" data-lbwps-height=\"2000\" data-lbwps-srcsmall=\"https:\/\/sebastienparmentelot.com\/wp-content\/uploads\/2022\/02\/Yacht-11.jpg\" data-lbwps-caption=\"Yacht 11 scaled\">\n\t\t\t\t\t<div class=\"e-gallery-image elementor-gallery-item__image\" data-thumbnail=\"https:\/\/sebastienparmentelot.com\/wp-content\/uploads\/2022\/02\/Yacht-11-1536x1024.jpg\" data-width=\"1536\" data-height=\"1024\" alt=\"Yacht 11 scaled\" ><\/div>\n\t\t\t\t\t\t\t\t\t\t\t\t\t\t<\/a>\n\t\t\t\t\t\t\t<a class=\"e-gallery-item elementor-gallery-item elementor-animated-content\" href=\"https:\/\/sebastienparmentelot.com\/wp-content\/uploads\/2022\/02\/Les-Voiles-de-Saint-Tropez-2021.jpg\" data-elementor-open-lightbox=\"yes\" data-elementor-lightbox-slideshow=\"all-2ce218aa\" data-elementor-lightbox-title=\"Les Voiles de Saint Tropez 2021 scaled\" data-elementor-lightbox-description=\"Les Voiles de Saint Tropez 2021 scaled\" data-e-action-hash=\"#elementor-action%3Aaction%3Dlightbox%26settings%3DeyJpZCI6NjU1NSwidXJsIjoiaHR0cHM6XC9cL3NlYmFzdGllbnBhcm1lbnRlbG90LmNvbVwvd3AtY29udGVudFwvdXBsb2Fkc1wvMjAyMlwvMDJcL0xlcy1Wb2lsZXMtZGUtU2FpbnQtVHJvcGV6LTIwMjEtc2NhbGVkLmpwZyIsInNsaWRlc2hvdyI6ImFsbC0yY2UyMThhYSJ9\" data-lbwps-width=\"2000\" data-lbwps-height=\"3000\" data-lbwps-srcsmall=\"https:\/\/sebastienparmentelot.com\/wp-content\/uploads\/2022\/02\/Les-Voiles-de-Saint-Tropez-2021-8x12.jpg\" data-lbwps-caption=\"Les Voiles de Saint Tropez 2021 scaled\">\n\t\t\t\t\t<div class=\"e-gallery-image elementor-gallery-item__image\" data-thumbnail=\"https:\/\/sebastienparmentelot.com\/wp-content\/uploads\/2022\/02\/Les-Voiles-de-Saint-Tropez-2021-1024x1536.jpg\" data-width=\"1024\" data-height=\"1536\" alt=\"Les Voiles de Saint Tropez 2021 scaled\" ><\/div>\n\t\t\t\t\t\t\t\t\t\t\t\t\t\t<\/a>\n\t\t\t\t\t<\/div>\n\t\t\t\t\t<\/div>\n\t\t\t\t<\/div>\n\t\t\t\t\t<\/div>\n\t\t<\/div>\n\t\t\t\t\t<\/div>\n\t\t<\/section>\n\t\t\t\t<\/div>","protected":false},"excerpt":{"rendered":"<p>PHOTOGRAPHE YACHT Photographe yacht (motor yacht ou sailing yacht) bas\u00e9 \u00e0 Antibes, je me d\u00e9place de Saint-Tropez \u00e0 Monaco en passant par Nice, Cannes, Golfe Juan et sur toute la C\u00f4te d&rsquo;Azur. Le secteur du yachting implique une connaissance particuli\u00e8re du secteur du luxe et de sa client\u00e8le, o\u00f9 l&rsquo;image et chaque d\u00e9tails ont leur [&hellip;]<\/p>\n","protected":false},"author":1,"featured_media":0,"parent":0,"menu_order":0,"comment_status":"closed","ping_status":"closed","template":"page-templates\/home.php","meta":{"footnotes":""},"class_list":["post-565","page","type-page","status-publish","hentry"],"_links":{"self":[{"href":"https:\/\/sebastienparmentelot.com\/en\/wp-json\/wp\/v2\/pages\/565","targetHints":{"allow":["GET"]}}],"collection":[{"href":"https:\/\/sebastienparmentelot.com\/en\/wp-json\/wp\/v2\/pages"}],"about":[{"href":"https:\/\/sebastienparmentelot.com\/en\/wp-json\/wp\/v2\/types\/page"}],"author":[{"embeddable":true,"href":"https:\/\/sebastienparmentelot.com\/en\/wp-json\/wp\/v2\/users\/1"}],"replies":[{"embeddable":true,"href":"https:\/\/sebastienparmentelot.com\/en\/wp-json\/wp\/v2\/comments?post=565"}],"version-history":[{"count":41,"href":"https:\/\/sebastienparmentelot.com\/en\/wp-json\/wp\/v2\/pages\/565\/revisions"}],"predecessor-version":[{"id":8239,"href":"https:\/\/sebastienparmentelot.com\/en\/wp-json\/wp\/v2\/pages\/565\/revisions\/8239"}],"wp:attachment":[{"href":"https:\/\/sebastienparmentelot.com\/en\/wp-json\/wp\/v2\/media?parent=565"}],"curies":[{"name":"wp","href":"https:\/\/api.w.org\/{rel}","templated":true}]}}