{"id":61,"date":"2021-09-01T03:02:36","date_gmt":"2021-09-01T03:02:36","guid":{"rendered":"https:\/\/shtheme.org\/demosd\/nextarch\/?page_id=61"},"modified":"2026-01-07T20:30:49","modified_gmt":"2026-01-07T20:30:49","slug":"a-propos","status":"publish","type":"page","link":"https:\/\/sebastienparmentelot.com\/en\/about\/","title":{"rendered":"About"},"content":{"rendered":"<div data-elementor-type=\"wp-page\" data-elementor-id=\"61\" class=\"elementor elementor-61\">\n\t\t\t\t\t\t<section class=\"elementor-section elementor-top-section elementor-element elementor-element-ee2001b elementor-section-full_width elementor-section-height-default elementor-section-height-default exad-glass-effect-no exad-sticky-section-no\" data-id=\"ee2001b\" data-element_type=\"section\" data-e-type=\"section\">\n\t\t\t\t\t\t<div class=\"elementor-container elementor-column-gap-no\">\n\t\t\t\t\t<div class=\"elementor-column elementor-col-100 elementor-top-column elementor-element elementor-element-24e2bf0 exad-glass-effect-no exad-sticky-section-no\" data-id=\"24e2bf0\" data-element_type=\"column\" data-e-type=\"column\">\n\t\t\t<div class=\"elementor-widget-wrap elementor-element-populated\">\n\t\t\t\t\t\t<div class=\"elementor-element elementor-element-cbdd180 elementor-align-left exad-sticky-section-no exad-glass-effect-no elementor-widget elementor-widget-pages-about\" data-id=\"cbdd180\" data-element_type=\"widget\" data-e-type=\"widget\" data-widget_type=\"pages-about.default\">\n\t\t\t\t<div class=\"elementor-widget-container\">\n\t\t\t\t\t\t\t\r\n\t\t<section class=\"about section-padding\">\r\n\t\t\t<div class=\"container\">\r\n\t\t\t\t<div class=\"row\">\r\n\t\t\t\t\t<div class=\"section-head col-md-12 animate-box\" data-animate-effect=\"fadeInUp\">\r\n\t\t\t\t\t\t\t\t\t\t\t\t<h4 class=\"translation-block\">ABOUT<\/h4>\r\n\t\t\t\t\t\t\t\t\t\t\t<\/div>\r\n\t\t\t\t\t<div class=\"col-md-4 image animate-box\" data-animate-effect=\"fadeInUp\">\r\n\t\t\t\t\t\t<div class=\"img\">\r\n\t\t\t\t\t\t\t\t\t\t\t\t\t\t<a href=\"#\" class=\"video-block\">\r\n\t\t\t\t\t\t\t\t<img decoding=\"async\" src=\"https:\/\/sebastienparmentelot.com\/wp-content\/uploads\/2025\/03\/Villa-Saint-Maxime-Sebastien-Parmentelot-5.avif\" alt=\"\" title=\"\">\r\n\t\t\t\t\t\t\t\t<span class=\"video-block-play\"><\/span>\r\n\t\t\t\t\t\t\t<\/a>\r\n\t\t\t\t\t\t\t\t\t\t\t\t\t<\/div>\r\n\t\t\t\t\t<\/div>\r\n\t\t\t\t\t<div class=\"col-md-8\">\r\n\t\t\t\t\t\t<div class=\"row\">\r\n\t\t\t\t\t\t\t<!-- About -->\r\n\t\t\t\t\t\t\t<div class=\"col-md-12 animate-box\" data-animate-effect=\"fadeInUp\">\r\n\t\t\t\t\t\t\t\t\t\t\t\t\t\t\t\t<h3>Who <span> am I ?<\/span><\/h3>\r\n\t\t\t\t\t\t\t\t\t\t\t\t\t\t\t\t\t\t\t\t\t\t\t\t<p>Professional photographer specialized in architecture &amp; interiors, hotels, real estate and yachting, I have been passionate about photography since my first expatriations.\n<\/p>\nAfter nearly 15 years in the luxury hotel industry in France and abroad, I decided in 2019 to make the leap and make my passion for photography my job. I then specialized in a field that requires technical mastery, attention to detail and a particular interest in aesthetics. <br>\n<\/p>\nMy experiences in prestigious places such as palaces, Relais &amp; Ch\u00e2teaux, Leading Hotels of the World and other Michelin-starred places, have sharpened my sense of detail and my ease in the field of luxury, allowing me to approach and understand the needs of fields in which I specialize. \n<\/p>\nToday, I offer high quality photo reports, made with particular care from the preparation of the shoot to post-production, as well as shooting on location. \n<\/p>\nDue to my specialization, I am equipped with specific equipment, among other things, a 36M pixel full-frame Canon camera and Canon lenses (wide-angle, tele-lens, tilt and shift) essential for interior architecture photography and outdoors. I also have a drone equipped with a Hasselblad sensor for aerial shots (photo &amp; video) as well as a Matterport Pro 2 camera for scanning your places in 3D (virtual tour) for a 360\u00b0 service.\n<\/p>\nAs you will have understood, my objective through my photographs is to naturally enhance your projects, transcribe the atmosphere of the place and arouse the emotion of your readers.\n<\/p>\nYou are an individual or a real estate professional, short-term renter, interior designer, hotelier or yacht broker, you have a project and wish to reveal it at its true value in image, I invite you to <a href=\"https:\/\/sebastienparmentelot.com\/en\/contact\/\"><u>contact me.<\/u><\/a>\t\t\t\t\t\t\t\t\t\t\t\t\t\t\t\t<div class=\"about year-wrap\">\r\n\t\t\t\t\t\t\t\t\t\t\t\t\t\t\t\t\t\t<div class=\"yearimg\">\r\n\t\t\t\t\t\t\t\t\t\t<div class=\"numb\">6<\/div>\r\n\t\t\t\t\t\t\t\t\t<\/div>\r\n\t\t\t\t\t\t\t\t\t\t\t\t\t\t\t\t\t\t<div class=\"year\">\r\n\t\t\t\t\t\t\t\t\t\t\t\t\t\t\t\t\t\t\t\t<h6>ans d'exp\u00e9rience <\/h6>\r\n\t\t\t\t\t\t\t\t\t\t\t\t\t\t\t\t\t\t\t\t\t\t\t\t\t\t\t\t\t\t<h4>en photographie d'architecture, d'int\u00e9rieur &amp; d'h\u00f4tel<\/h4>\r\n\t\t\t\t\t\t\t\t\t\t\t\t\t\t\t\t\t\t\t<\/div>\r\n\t\t\t\t\t\t\t\t<\/div>\r\n\t\t\t\t\t\t\t<\/div>\r\n\t\t\t\t\t\t\t<!-- Team -->\r\n\t\t\t\t\t\t\t<div class=\"col-md-12 animate-box\" data-animate-effect=\"fadeInUp\">\r\n\t\t\t\t\t\t\t\t<div class=\"team\">\r\n\t\t\t\t\t\t\t\t\t<div class=\"owl-carousel owl-theme text-center\">\r\n\t\t\t\t\t\t\t\t\t\t\t\t\t\t\t\t\t\t\t\t<div class=\"item\">\r\n\t\t\t\t\t\t\t\t\t\t\t<div class=\"team-img\"> \r\n\t\t\t\t\t\t\t\t\t\t\t\t\t\t\t\t\t\t\t\t\t\t\t\t<img decoding=\"async\" src=\"https:\/\/shtheme.org\/demosd\/nextarch\/wp-content\/uploads\/2021\/10\/3-2.jpg\" alt=\"\" title=\"\">\r\n\t\t\t\t\t\t\t\t\t\t\t\t\t\t\t\t\t\t\t\t\t\t\t\t<div class=\"info valign\">\r\n\t\t\t\t\t\t\t\t\t\t\t\t\t<div class=\"text-center full-width\">\r\n\t\t\t\t\t\t\t\t\t\t\t\t\t\t\t\t\t\t\t\t\t\t\t\t\t\t\t\t<div class=\"social\">\r\n\t\t\t\t\t\t\t\t\t\t\t\t\t\t\t<a href=\"https:\/\/www.facebook.com\/\" class=\"icon\" target=\"_blank\" rel=\"noopener\"> <i class=\"fa fa-facebook\"><\/i> <\/a>\n<a href=\"http:\/\/twitter.com\/\" class=\"icon\" target=\"_blank\" rel=\"noopener\"> <i class=\"fa fa-twitter\"><\/i> <\/a>\n<a href=\"https:\/\/www.linkedin.com\/\" class=\"icon\" target=\"_blank\" rel=\"noopener\"> <i class=\"fa fa-linkedin\"><\/i> <\/a>\t\t\t\t\t\t\t\t\t\t\t\t\t\t<\/div>\r\n\t\t\t\t\t\t\t\t\t\t\t\t\t\t\t\t\t\t\t\t\t\t\t\t\t\t\t<\/div>\r\n\t\t\t\t\t\t\t\t\t\t\t\t<\/div>\r\n\t\t\t\t\t\t\t\t\t\t\t<\/div>\r\n\t\t\t\t\t\t\t\t\t\t\t\t\t\t\t\t\t\t\t\t\t\t<h6>S\u00e9bastien Parmentelot<\/h6> \r\n\t\t\t\t\t\t\t\t\t\t\t\t\t\t\t\t\t\t\t\t\t\t\t\t\t\t\t\t\t\t\t\t<\/div>\r\n\t\t\t\t\t\t\t\t\t\t\t\t\t\t\t\t\t\t\t<\/div>\r\n\t\t\t\t\t\t\t\t<\/div>\r\n\t\t\t\t\t\t\t<\/div>\r\n\t\t\t\t\t\t\t<!-- Testimonials -->\r\n\t\t\t\t\t\t\t\r\n\t\t\t\t\t\t\t<div class=\"col-md-12 animate-box\" data-animate-effect=\"fadeInUp\">\r\n\t\t\t\t\t\t\t\t<div class=\"testimonials bg-img bg-fixed pos-re\">\r\n\t\t\t\t\t\t\t\t\t<div class=\"owl-carousel owl-theme text-center\">\r\n\t\t\t\t\t\t\t\t\t\t\t\t\t\t\t\t\t\t\t\t\t<div class=\"item-box\"> \r\n\t\t\t\t\t\t\t\t\t\t\t\t\t\t\t\t\t\t\t\t\t\t\t\t\t\t\t\t\t\t\t\t\t\t\t\t<div class=\"info\">\r\n\t\t\t\t\t\t\t\t\t\t\t\t\t\t\t\t\t\t\t\t\t\t\t\t\t\t<div class=\"cont\">\r\n\t\t\t\t\t\t\t\t\t\t\t\t\t\t\t\t\t\t\t\t\t\t\t\t\t\t\t\t\t\t\t\t\t\t\t\t\t\t\t\t\t<\/div>\r\n\t\t\t\t\t\t\t\t\t\t\t\t<\/div>\r\n\t\t\t\t\t\t\t\t\t\t\t<\/div>\r\n\t\t\t\t\t\t\t\t\t\t\t\t\t\t\t\t\t\t\t<\/div>\r\n\t\t\t\t\t\t\t\t<\/div>\r\n\t\t\t\t\t\t\t<\/div>\r\n\t\t\t\t\t\t<\/div>\r\n\t\t\t\t\t<\/div>\r\n\t\t\t\t<\/div>\r\n\t\t\t<\/div>\r\n\t\t<\/section>\r\n\r\n\r\n\t\t\t\t\t<\/div>\n\t\t\t\t<\/div>\n\t\t\t\t\t<\/div>\n\t\t<\/div>\n\t\t\t\t\t<\/div>\n\t\t<\/section>\n\t\t\t\t<\/div>","protected":false},"excerpt":{"rendered":"<p>\u00c0 propos Qui suis-je ? Photographe professionnel sp\u00e9cialis\u00e9 dans l\u2019architecture &amp; int\u00e9rieur, l\u2019h\u00f4tellerie, l&rsquo;immobilier et le yachting, je me suis passionn\u00e9 de photographie depuis mes premi\u00e8res expatriations. Apr\u00e8s pr\u00e8s de 15 ans dans l\u2019h\u00f4tellerie de luxe en France et \u00e0 l\u2019\u00e9tranger, j\u2019ai d\u00e9cid\u00e9 en 2019 de sauter le pas et de faire de ma passion [&hellip;]<\/p>\n","protected":false},"author":1,"featured_media":0,"parent":0,"menu_order":0,"comment_status":"closed","ping_status":"closed","template":"page-templates\/home.php","meta":{"footnotes":""},"class_list":["post-61","page","type-page","status-publish","hentry"],"_links":{"self":[{"href":"https:\/\/sebastienparmentelot.com\/en\/wp-json\/wp\/v2\/pages\/61","targetHints":{"allow":["GET"]}}],"collection":[{"href":"https:\/\/sebastienparmentelot.com\/en\/wp-json\/wp\/v2\/pages"}],"about":[{"href":"https:\/\/sebastienparmentelot.com\/en\/wp-json\/wp\/v2\/types\/page"}],"author":[{"embeddable":true,"href":"https:\/\/sebastienparmentelot.com\/en\/wp-json\/wp\/v2\/users\/1"}],"replies":[{"embeddable":true,"href":"https:\/\/sebastienparmentelot.com\/en\/wp-json\/wp\/v2\/comments?post=61"}],"version-history":[{"count":212,"href":"https:\/\/sebastienparmentelot.com\/en\/wp-json\/wp\/v2\/pages\/61\/revisions"}],"predecessor-version":[{"id":14062,"href":"https:\/\/sebastienparmentelot.com\/en\/wp-json\/wp\/v2\/pages\/61\/revisions\/14062"}],"wp:attachment":[{"href":"https:\/\/sebastienparmentelot.com\/en\/wp-json\/wp\/v2\/media?parent=61"}],"curies":[{"name":"wp","href":"https:\/\/api.w.org\/{rel}","templated":true}]}}