{"id":63,"date":"2021-09-01T03:04:45","date_gmt":"2021-09-01T03:04:45","guid":{"rendered":"https:\/\/shtheme.org\/demosd\/nextarch\/?page_id=63"},"modified":"2025-06-11T21:36:26","modified_gmt":"2025-06-11T21:36:26","slug":"services","status":"publish","type":"page","link":"https:\/\/sebastienparmentelot.com\/en\/services\/","title":{"rendered":"Services"},"content":{"rendered":"<div data-elementor-type=\"wp-page\" data-elementor-id=\"63\" class=\"elementor elementor-63\">\n\t\t\t\t\t\t<section class=\"elementor-section elementor-top-section elementor-element elementor-element-eda26c7 elementor-section-full_width elementor-section-height-default elementor-section-height-default exad-glass-effect-no exad-sticky-section-no\" data-id=\"eda26c7\" data-element_type=\"section\" data-e-type=\"section\">\n\t\t\t\t\t\t<div class=\"elementor-container elementor-column-gap-no\">\n\t\t\t\t\t<div class=\"elementor-column elementor-col-100 elementor-top-column elementor-element elementor-element-d4127ef exad-glass-effect-no exad-sticky-section-no\" data-id=\"d4127ef\" data-element_type=\"column\" data-e-type=\"column\">\n\t\t\t<div class=\"elementor-widget-wrap elementor-element-populated\">\n\t\t\t\t\t\t<div class=\"elementor-element elementor-element-7ac4b8b elementor-align-left exad-sticky-section-no exad-glass-effect-no elementor-widget elementor-widget-pages-services\" data-id=\"7ac4b8b\" data-element_type=\"widget\" data-e-type=\"widget\" data-widget_type=\"pages-services.default\">\n\t\t\t\t<div class=\"elementor-widget-container\">\n\t\t\t\t\t\n\t\t<section class=\"services section-padding\">\n\t\t\t<div class=\"container\">\n\t\t\t\t<div class=\"row\">\n\t\t\t\t\t\t\t\t\t\t<div class=\"section-head col-md-12 animate-box\" data-animate-effect=\"fadeInUp\">\n\t\t\t\t\t\t<h4>My <span>Services<\/span><\/h4>\n\t\t\t\t\t<\/div>\n\t\t\t\t\t\n\t\t\t\t\t\t\t\t\t\t\t<div class=\"col-md-4 animate-box\" data-animate-effect=\"fadeInUp\">\n\t\t\t\t\t\t\t<div class=\"item\" style=\"background-image: url(https:\/\/sebastienparmentelot.com\/wp-content\/uploads\/2021\/10\/Photographe-Architecture-Sainte-Maxime-7.jpg);\">\n\t\t\t\t\t\t\t\t<div class=\"con\">\n\t\t\t\t\t\t\t\t\t<a href=\"https:\/\/sebastienparmentelot.com\/en\/service\/photography\/\">\n\t\t\t\t\t\t\t\t\t\t<div class=\"numb\">01<\/div>\n\t\t\t\t\t\t\t\t\t\t<h5>Photography<\/h5>\n\t\t\t\t\t\t\t\t\t\t<p>                                    Photographe bas\u00e9 \u00e0 Antibes, dans les Alpes-Maritimes, je r\u00e9alise vos reportages photos, afin de r\u00e9v\u00e9ler tout le potentiel de votre projet d&rsquo;architecture &amp; int\u00e9rieur,...<\/p>\n\t\t\t\t\t\t\t\t\t<\/a>\n\t\t\t\t\t\t\t\t<\/div>\n\t\t\t\t\t\t\t<\/div>\n\t\t\t\t\t\t<\/div>\n\t\t\t\t\t\t\t\t\t\t\t<div class=\"col-md-4 animate-box\" data-animate-effect=\"fadeInUp\">\n\t\t\t\t\t\t\t<div class=\"item\" style=\"background-image: url(https:\/\/sebastienparmentelot.com\/wp-content\/uploads\/2022\/02\/Plage-Cap-Ferrat-4-scaled.jpg);\">\n\t\t\t\t\t\t\t\t<div class=\"con\">\n\t\t\t\t\t\t\t\t\t<a href=\"https:\/\/sebastienparmentelot.com\/en\/service\/drone-video\/\">\n\t\t\t\t\t\t\t\t\t\t<div class=\"numb\">02<\/div>\n\t\t\t\t\t\t\t\t\t\t<h5>Drone &amp; Video<\/h5>\n\t\t\t\t\t\t\t\t\t\t<p>                                    Remote pilot drone photographer, specialized in the production of aerial photos and videos by drone, I travel all over the French Riviera,...<\/p>\n\t\t\t\t\t\t\t\t\t<\/a>\n\t\t\t\t\t\t\t\t<\/div>\n\t\t\t\t\t\t\t<\/div>\n\t\t\t\t\t\t<\/div>\n\t\t\t\t\t\t\t\t\t\t\t<div class=\"col-md-4 animate-box\" data-animate-effect=\"fadeInUp\">\n\t\t\t\t\t\t\t<div class=\"item\" style=\"background-image: url(https:\/\/sebastienparmentelot.com\/wp-content\/uploads\/2022\/02\/Tiny-Planet-Cap-dAntibes2-e1644239519516.jpg);\">\n\t\t\t\t\t\t\t\t<div class=\"con\">\n\t\t\t\t\t\t\t\t\t<a href=\"https:\/\/sebastienparmentelot.com\/en\/service\/3d-virtual-tour-matterport\/\">\n\t\t\t\t\t\t\t\t\t\t<div class=\"numb\">03<\/div>\n\t\t\t\t\t\t\t\t\t\t<h5>3D Virtual Tour Matterport<\/h5>\n\t\t\t\t\t\t\t\t\t\t<p>                                    Photographe prestataire de visite virtuelle 3D, je r\u00e9alise vos visites virtuelles dans les Alpes-Maritimes, le Var, Monaco et sur toute la France. Que vous...<\/p>\n\t\t\t\t\t\t\t\t\t<\/a>\n\t\t\t\t\t\t\t\t<\/div>\n\t\t\t\t\t\t\t<\/div>\n\t\t\t\t\t\t<\/div>\n\t\t\t\t\t\t\t\t\t<\/div>\n\t\t\t<\/div>\n\t\t<\/section>\n\n\t\t\t\t\t<\/div>\n\t\t\t\t<\/div>\n\t\t\t\t\t<\/div>\n\t\t<\/div>\n\t\t\t\t\t<\/div>\n\t\t<\/section>\n\t\t\t\t<section class=\"elementor-section elementor-top-section elementor-element elementor-element-3fa9978 elementor-section-boxed elementor-section-height-default elementor-section-height-default exad-glass-effect-no exad-sticky-section-no\" data-id=\"3fa9978\" data-element_type=\"section\" data-e-type=\"section\">\n\t\t\t\t\t\t<div class=\"elementor-container elementor-column-gap-default\">\n\t\t\t\t\t<div class=\"elementor-column elementor-col-100 elementor-top-column elementor-element elementor-element-757f285 exad-glass-effect-no exad-sticky-section-no\" data-id=\"757f285\" data-element_type=\"column\" data-e-type=\"column\">\n\t\t\t<div class=\"elementor-widget-wrap elementor-element-populated\">\n\t\t\t\t\t\t<div class=\"elementor-element elementor-element-5de7893 exad-sticky-section-no exad-glass-effect-no elementor-invisible elementor-widget elementor-widget-heading\" data-id=\"5de7893\" data-element_type=\"widget\" data-e-type=\"widget\" data-settings=\"{&quot;_animation&quot;:&quot;fadeInUp&quot;}\" data-widget_type=\"heading.default\">\n\t\t\t\t<div class=\"elementor-widget-container\">\n\t\t\t\t\t<h2 class=\"elementor-heading-title elementor-size-default\"><span>REFERENCES<\/span><\/h2>\t\t\t\t<\/div>\n\t\t\t\t<\/div>\n\t\t\t\t\t<\/div>\n\t\t<\/div>\n\t\t\t\t\t<\/div>\n\t\t<\/section>\n\t\t\t\t<section class=\"elementor-section elementor-top-section elementor-element elementor-element-456f28a elementor-section-boxed elementor-section-height-default elementor-section-height-default exad-glass-effect-no exad-sticky-section-no\" data-id=\"456f28a\" data-element_type=\"section\" data-e-type=\"section\">\n\t\t\t\t\t\t<div class=\"elementor-container elementor-column-gap-default\">\n\t\t\t\t\t<div class=\"elementor-column elementor-col-100 elementor-top-column elementor-element elementor-element-438a003 exad-glass-effect-no exad-sticky-section-no\" data-id=\"438a003\" data-element_type=\"column\" data-e-type=\"column\">\n\t\t\t<div class=\"elementor-widget-wrap elementor-element-populated\">\n\t\t\t\t\t\t<div class=\"elementor-element elementor-element-e9a9bbd exad-sticky-section-no exad-glass-effect-no elementor-widget elementor-widget-image-carousel\" data-id=\"e9a9bbd\" data-element_type=\"widget\" data-e-type=\"widget\" data-settings=\"{&quot;slides_to_show&quot;:&quot;6&quot;,&quot;navigation&quot;:&quot;none&quot;,&quot;image_spacing_custom&quot;:{&quot;unit&quot;:&quot;px&quot;,&quot;size&quot;:45,&quot;sizes&quot;:[]},&quot;slides_to_show_tablet&quot;:&quot;3&quot;,&quot;slides_to_show_mobile&quot;:&quot;2&quot;,&quot;autoplay&quot;:&quot;yes&quot;,&quot;pause_on_hover&quot;:&quot;yes&quot;,&quot;pause_on_interaction&quot;:&quot;yes&quot;,&quot;autoplay_speed&quot;:5000,&quot;infinite&quot;:&quot;yes&quot;,&quot;speed&quot;:500,&quot;image_spacing_custom_tablet_extra&quot;:{&quot;unit&quot;:&quot;px&quot;,&quot;size&quot;:&quot;&quot;,&quot;sizes&quot;:[]},&quot;image_spacing_custom_tablet&quot;:{&quot;unit&quot;:&quot;px&quot;,&quot;size&quot;:&quot;&quot;,&quot;sizes&quot;:[]},&quot;image_spacing_custom_mobile_extra&quot;:{&quot;unit&quot;:&quot;px&quot;,&quot;size&quot;:&quot;&quot;,&quot;sizes&quot;:[]},&quot;image_spacing_custom_mobile&quot;:{&quot;unit&quot;:&quot;px&quot;,&quot;size&quot;:&quot;&quot;,&quot;sizes&quot;:[]}}\" data-widget_type=\"image-carousel.default\">\n\t\t\t\t<div class=\"elementor-widget-container\">\n\t\t\t\t\t\t\t<div class=\"elementor-image-carousel-wrapper swiper\" role=\"region\" aria-roledescription=\"carousel\" aria-label=\"Image Carousel\" dir=\"ltr\">\n\t\t\t<div class=\"elementor-image-carousel swiper-wrapper\" aria-live=\"off\">\n\t\t\t\t\t\t\t\t<div class=\"swiper-slide\" role=\"group\" aria-roledescription=\"slide\" aria-label=\"1 sur 28\"><figure class=\"swiper-slide-inner\"><img decoding=\"async\" class=\"swiper-slide-image\" src=\"https:\/\/sebastienparmentelot.com\/wp-content\/uploads\/2025\/02\/Yaktsa-768x768.png\" alt=\"Yaktsa\" title=\"\"><\/figure><\/div><div class=\"swiper-slide\" role=\"group\" aria-roledescription=\"slide\" aria-label=\"2 sur 28\"><figure class=\"swiper-slide-inner\"><img decoding=\"async\" class=\"swiper-slide-image\" src=\"https:\/\/sebastienparmentelot.com\/wp-content\/uploads\/2022\/12\/Caudwell-Collection-768x768.jpg\" alt=\"\" title=\"\"><\/figure><\/div><div class=\"swiper-slide\" role=\"group\" aria-roledescription=\"slide\" aria-label=\"3 sur 28\"><figure class=\"swiper-slide-inner\"><img decoding=\"async\" class=\"swiper-slide-image\" src=\"https:\/\/sebastienparmentelot.com\/wp-content\/uploads\/2025\/02\/Miramar-768x768.png\" alt=\"Miramar\" title=\"\"><\/figure><\/div><div class=\"swiper-slide\" role=\"group\" aria-roledescription=\"slide\" aria-label=\"4 sur 28\"><figure class=\"swiper-slide-inner\"><img decoding=\"async\" class=\"swiper-slide-image\" src=\"https:\/\/sebastienparmentelot.com\/wp-content\/uploads\/2024\/09\/Sohoma-768x768.png\" alt=\"Sohoma\" title=\"\"><\/figure><\/div><div class=\"swiper-slide\" role=\"group\" aria-roledescription=\"slide\" aria-label=\"5 sur 28\"><figure class=\"swiper-slide-inner\"><img decoding=\"async\" class=\"swiper-slide-image\" src=\"https:\/\/sebastienparmentelot.com\/wp-content\/uploads\/2023\/08\/NVG-2-768x768.png\" alt=\"NVG 2\" title=\"\"><\/figure><\/div><div class=\"swiper-slide\" role=\"group\" aria-roledescription=\"slide\" aria-label=\"6 sur 28\"><figure class=\"swiper-slide-inner\"><img decoding=\"async\" class=\"swiper-slide-image\" src=\"https:\/\/sebastienparmentelot.com\/wp-content\/uploads\/2023\/08\/Medd-768x768.png\" alt=\"Medd\" title=\"\"><\/figure><\/div><div class=\"swiper-slide\" role=\"group\" aria-roledescription=\"slide\" aria-label=\"7 sur 28\"><figure class=\"swiper-slide-inner\"><img decoding=\"async\" class=\"swiper-slide-image\" src=\"https:\/\/sebastienparmentelot.com\/wp-content\/uploads\/2023\/08\/Logo-SJ-768x768.png\" alt=\"Logo SJ\" title=\"\"><\/figure><\/div><div class=\"swiper-slide\" role=\"group\" aria-roledescription=\"slide\" aria-label=\"8 sur 28\"><figure class=\"swiper-slide-inner\"><img decoding=\"async\" class=\"swiper-slide-image\" src=\"https:\/\/sebastienparmentelot.com\/wp-content\/uploads\/2023\/08\/Kn-768x768.png\" alt=\"Kn\" title=\"\"><\/figure><\/div><div class=\"swiper-slide\" role=\"group\" aria-roledescription=\"slide\" aria-label=\"9 sur 28\"><figure class=\"swiper-slide-inner\"><img decoding=\"async\" class=\"swiper-slide-image\" src=\"https:\/\/sebastienparmentelot.com\/wp-content\/uploads\/2022\/12\/EVE-logo-768x768.png\" alt=\"\" title=\"\"><\/figure><\/div><div class=\"swiper-slide\" role=\"group\" aria-roledescription=\"slide\" aria-label=\"10 sur 28\"><figure class=\"swiper-slide-inner\"><img decoding=\"async\" class=\"swiper-slide-image\" src=\"https:\/\/sebastienparmentelot.com\/wp-content\/uploads\/2022\/11\/Logo-Parc-du-Cap-768x768.png\" alt=\"\" title=\"\"><\/figure><\/div><div class=\"swiper-slide\" role=\"group\" aria-roledescription=\"slide\" aria-label=\"11 sur 28\"><figure class=\"swiper-slide-inner\"><img decoding=\"async\" class=\"swiper-slide-image\" src=\"https:\/\/sebastienparmentelot.com\/wp-content\/uploads\/2025\/02\/Albany-Global-Property-768x768.png\" alt=\"Albany Global Property\" title=\"\"><\/figure><\/div><div class=\"swiper-slide\" role=\"group\" aria-roledescription=\"slide\" aria-label=\"12 sur 28\"><figure class=\"swiper-slide-inner\"><img decoding=\"async\" class=\"swiper-slide-image\" src=\"https:\/\/sebastienparmentelot.com\/wp-content\/uploads\/2025\/02\/Ambiance-Design-768x768.png\" alt=\"Ambiance Design\" title=\"\"><\/figure><\/div><div class=\"swiper-slide\" role=\"group\" aria-roledescription=\"slide\" aria-label=\"13 sur 28\"><figure class=\"swiper-slide-inner\"><img decoding=\"async\" class=\"swiper-slide-image\" src=\"https:\/\/sebastienparmentelot.com\/wp-content\/uploads\/2025\/02\/Kebony-1-768x768.png\" alt=\"Kebony 1\" title=\"\"><\/figure><\/div><div class=\"swiper-slide\" role=\"group\" aria-roledescription=\"slide\" aria-label=\"14 sur 28\"><figure class=\"swiper-slide-inner\"><img decoding=\"async\" class=\"swiper-slide-image\" src=\"https:\/\/sebastienparmentelot.com\/wp-content\/uploads\/2025\/02\/Crystal-Fountain-768x768.png\" alt=\"Crystal Fountain\" title=\"\"><\/figure><\/div><div class=\"swiper-slide\" role=\"group\" aria-roledescription=\"slide\" aria-label=\"15 sur 28\"><figure class=\"swiper-slide-inner\"><img decoding=\"async\" class=\"swiper-slide-image\" src=\"https:\/\/sebastienparmentelot.com\/wp-content\/uploads\/2025\/02\/vdo-architecten-768x768.png\" alt=\"vdo-architecten\" title=\"\"><\/figure><\/div><div class=\"swiper-slide\" role=\"group\" aria-roledescription=\"slide\" aria-label=\"16 sur 28\"><figure class=\"swiper-slide-inner\"><img decoding=\"async\" class=\"swiper-slide-image\" src=\"https:\/\/sebastienparmentelot.com\/wp-content\/uploads\/2025\/02\/Promogim-768x768.png\" alt=\"Promogim\" title=\"\"><\/figure><\/div><div class=\"swiper-slide\" role=\"group\" aria-roledescription=\"slide\" aria-label=\"17 sur 28\"><figure class=\"swiper-slide-inner\"><img decoding=\"async\" class=\"swiper-slide-image\" src=\"https:\/\/sebastienparmentelot.com\/wp-content\/uploads\/2025\/02\/Mabler-768x768.png\" alt=\"Mabler\" title=\"\"><\/figure><\/div><div class=\"swiper-slide\" role=\"group\" aria-roledescription=\"slide\" aria-label=\"18 sur 28\"><figure class=\"swiper-slide-inner\"><img decoding=\"async\" class=\"swiper-slide-image\" src=\"https:\/\/sebastienparmentelot.com\/wp-content\/uploads\/2025\/02\/Logo-Michel-Denolf-768x768.png\" alt=\"Logo Michel Denolf\" title=\"\"><\/figure><\/div><div class=\"swiper-slide\" role=\"group\" aria-roledescription=\"slide\" aria-label=\"19 sur 28\"><figure class=\"swiper-slide-inner\"><img decoding=\"async\" class=\"swiper-slide-image\" src=\"https:\/\/sebastienparmentelot.com\/wp-content\/uploads\/2025\/02\/Groupe-Segond-768x768.png\" alt=\"Groupe Segond\" title=\"\"><\/figure><\/div><div class=\"swiper-slide\" role=\"group\" aria-roledescription=\"slide\" aria-label=\"20 sur 28\"><figure class=\"swiper-slide-inner\"><img decoding=\"async\" class=\"swiper-slide-image\" src=\"https:\/\/sebastienparmentelot.com\/wp-content\/uploads\/2025\/02\/AeroAsset-1-768x768.png\" alt=\"AeroAsset 1\" title=\"\"><\/figure><\/div><div class=\"swiper-slide\" role=\"group\" aria-roledescription=\"slide\" aria-label=\"21 sur 28\"><figure class=\"swiper-slide-inner\"><img decoding=\"async\" class=\"swiper-slide-image\" src=\"https:\/\/sebastienparmentelot.com\/wp-content\/uploads\/2025\/02\/Logo-Yelo-Hotel-768x768.png\" alt=\"Logo Yelo Hotel\" title=\"\"><\/figure><\/div><div class=\"swiper-slide\" role=\"group\" aria-roledescription=\"slide\" aria-label=\"22 sur 28\"><figure class=\"swiper-slide-inner\"><img decoding=\"async\" class=\"swiper-slide-image\" src=\"https:\/\/sebastienparmentelot.com\/wp-content\/uploads\/2025\/02\/Ultima-logo-768x768.png\" alt=\"Ultima-logo\" title=\"\"><\/figure><\/div><div class=\"swiper-slide\" role=\"group\" aria-roledescription=\"slide\" aria-label=\"23 sur 28\"><figure class=\"swiper-slide-inner\"><img decoding=\"async\" class=\"swiper-slide-image\" src=\"https:\/\/sebastienparmentelot.com\/wp-content\/uploads\/2025\/02\/LGJ-logo--768x768.png\" alt=\"LGJ-logo\" title=\"\"><\/figure><\/div><div class=\"swiper-slide\" role=\"group\" aria-roledescription=\"slide\" aria-label=\"24 sur 28\"><figure class=\"swiper-slide-inner\"><img decoding=\"async\" class=\"swiper-slide-image\" src=\"https:\/\/sebastienparmentelot.com\/wp-content\/uploads\/2025\/02\/OD-2-768x768.png\" alt=\"OD 2\" title=\"\"><\/figure><\/div><div class=\"swiper-slide\" role=\"group\" aria-roledescription=\"slide\" aria-label=\"25 sur 28\"><figure class=\"swiper-slide-inner\"><img decoding=\"async\" class=\"swiper-slide-image\" src=\"https:\/\/sebastienparmentelot.com\/wp-content\/uploads\/2025\/02\/Bouygues-batiment-logo-768x768.png\" alt=\"Bouygues-batiment-logo\" title=\"\"><\/figure><\/div><div class=\"swiper-slide\" role=\"group\" aria-roledescription=\"slide\" aria-label=\"26 sur 28\"><figure class=\"swiper-slide-inner\"><img decoding=\"async\" class=\"swiper-slide-image\" src=\"https:\/\/sebastienparmentelot.com\/wp-content\/uploads\/2025\/02\/Logo-Modular-Lighting-Instruments-768x768.png\" alt=\"Logo Modular Lighting Instruments\" title=\"\"><\/figure><\/div><div class=\"swiper-slide\" role=\"group\" aria-roledescription=\"slide\" aria-label=\"27 sur 28\"><figure class=\"swiper-slide-inner\"><img decoding=\"async\" class=\"swiper-slide-image\" src=\"https:\/\/sebastienparmentelot.com\/wp-content\/uploads\/2025\/02\/Logo-Sonder-768x768.png\" alt=\"Logo Sonder\" title=\"\"><\/figure><\/div><div class=\"swiper-slide\" role=\"group\" aria-roledescription=\"slide\" aria-label=\"28 sur 28\"><figure class=\"swiper-slide-inner\"><img decoding=\"async\" class=\"swiper-slide-image\" src=\"https:\/\/sebastienparmentelot.com\/wp-content\/uploads\/2025\/03\/Carla-Rosa-768x768.png\" alt=\"Carla Rosa\" title=\"\"><\/figure><\/div>\t\t\t<\/div>\n\t\t\t\t\t\t\t\n\t\t\t\t\t\t\t\t\t<\/div>\n\t\t\t\t\t\t<\/div>\n\t\t\t\t<\/div>\n\t\t\t\t\t<\/div>\n\t\t<\/div>\n\t\t\t\t\t<\/div>\n\t\t<\/section>\n\t\t\t\t<\/div>","protected":false},"excerpt":{"rendered":"<p>Mes Services 01 Photographie Photographe bas\u00e9 \u00e0 Antibes, dans les Alpes-Maritimes, je r\u00e9alise vos reportages photos, afin de r\u00e9v\u00e9ler tout le potentiel de votre projet d&rsquo;architecture &amp; int\u00e9rieur,&#8230; 02 Drone &#038; Vid\u00e9o Photographe t\u00e9l\u00e9pilote de drone, sp\u00e9cialis\u00e9 dans la r\u00e9alisation de photos et de vid\u00e9os a\u00e9riennes par drone, je me d\u00e9place sur toute la C\u00f4te [&hellip;]<\/p>\n","protected":false},"author":1,"featured_media":0,"parent":0,"menu_order":0,"comment_status":"closed","ping_status":"closed","template":"page-templates\/home.php","meta":{"footnotes":""},"class_list":["post-63","page","type-page","status-publish","hentry"],"_links":{"self":[{"href":"https:\/\/sebastienparmentelot.com\/en\/wp-json\/wp\/v2\/pages\/63","targetHints":{"allow":["GET"]}}],"collection":[{"href":"https:\/\/sebastienparmentelot.com\/en\/wp-json\/wp\/v2\/pages"}],"about":[{"href":"https:\/\/sebastienparmentelot.com\/en\/wp-json\/wp\/v2\/types\/page"}],"author":[{"embeddable":true,"href":"https:\/\/sebastienparmentelot.com\/en\/wp-json\/wp\/v2\/users\/1"}],"replies":[{"embeddable":true,"href":"https:\/\/sebastienparmentelot.com\/en\/wp-json\/wp\/v2\/comments?post=63"}],"version-history":[{"count":386,"href":"https:\/\/sebastienparmentelot.com\/en\/wp-json\/wp\/v2\/pages\/63\/revisions"}],"predecessor-version":[{"id":12544,"href":"https:\/\/sebastienparmentelot.com\/en\/wp-json\/wp\/v2\/pages\/63\/revisions\/12544"}],"wp:attachment":[{"href":"https:\/\/sebastienparmentelot.com\/en\/wp-json\/wp\/v2\/media?parent=63"}],"curies":[{"name":"wp","href":"https:\/\/api.w.org\/{rel}","templated":true}]}}